{"id":45,"date":"2023-12-16T15:09:10","date_gmt":"2023-12-16T18:09:10","guid":{"rendered":"https:\/\/staging.vetanco.com\/br\/?post_type=product&#038;p=45"},"modified":"2026-04-28T14:20:44","modified_gmt":"2026-04-28T17:20:44","slug":"di-heptarine-s","status":"publish","type":"product","link":"https:\/\/staging.vetanco.com\/br\/produto\/di-heptarine-s\/","title":{"rendered":"DI HEPTARINE S<sup>\u00ae<\/sup>"},"content":{"rendered":"<div class=\"info-box\">\n<h3><span style=\"color: #00397f;\">COMPOSI\u00c7\u00c3O B\u00c1SICA<\/span><\/h3>\n<p>Extrato de cardo mariano (<i>Silybum marianum<\/i>), loreto de colina e excipientes.\n<\/div>\n<div class=\"info-box\">\n<h3><span style=\"color: #00397f;\">MODO DE USO<\/span><\/h3>\n<p>O <b>DI HEPTARINE S<sup>\u00ae<\/sup><\/b> deve ser dilu\u00eddo de 500 mL a 1 L de produto para cada 1000 L de agua de bebida, durante m\u00ednimo 5 d\u00edas consecutivos.\n<\/div>\n<div class=\"info-box\">\n<h3><span style=\"color: #00397f;\">APRESENTA\u00c7\u00c3O<\/span><\/h3>\n<p>Frascos de 1 litro.\n<\/p>\n<\/div>\n<div class=\"info-box\">\n<h3><span style=\"color: #00397f;\">PER\u00cdODO DE CAR\u00caNCIA<\/span><\/h3>\n<p>O <b>DI HEPTARINE S<sup>\u00ae<\/sup><\/b> n\u00e3o possui per\u00edodo de car\u00eancia.\n<\/div>\n","protected":false},"excerpt":{"rendered":"<p><img loading=\"lazy\" decoding=\"async\" class=\"alignnone wp-image-768\" src=\"https:\/\/staging.vetanco.com\/wp-content\/uploads\/2023\/12\/Poultry-icon.png\" alt=\"\" width=\"70\" height=\"59\" \/> <img loading=\"lazy\" decoding=\"async\" class=\"alignnone wp-image-769\" src=\"https:\/\/staging.vetanco.com\/wp-content\/uploads\/2023\/12\/Swine-icon.png\" alt=\"\" width=\"70\" height=\"59\" \/><\/p>\n<p><span style=\"font-weight: 400;\">O DI HEPTARINE S<\/span><span style=\"font-weight: 400;\"><sup>\u00ae<\/sup><\/span><span style=\"font-weight: 400;\"> \u00e9 um aditivo nutricional destinado para alimenta\u00e7\u00e3o animal em todas as fases de produ\u00e7\u00e3o.<\/span><\/p>\n","protected":false},"featured_media":614,"template":"","meta":[],"product_brand":[],"product_cat":[17,18],"product_tag":[],"class_list":{"0":"post-45","1":"product","2":"type-product","3":"status-publish","4":"has-post-thumbnail","6":"product_cat-aves","7":"product_cat-suinos","9":"first","10":"onbackorder","11":"shipping-taxable","12":"product-type-simple"},"yoast_head":"<!-- This site is optimized with the Yoast SEO plugin v25.2 - https:\/\/yoast.com\/wordpress\/plugins\/seo\/ -->\n<title>DI HEPTARINE S\u00ae - Vetanco Brasil<\/title>\n<meta name=\"robots\" content=\"index, follow, max-snippet:-1, max-image-preview:large, max-video-preview:-1\" \/>\n<link rel=\"canonical\" href=\"https:\/\/staging.vetanco.com\/br\/produto\/di-heptarine-s\/\" \/>\n<meta property=\"og:locale\" content=\"pt_BR\" \/>\n<meta property=\"og:type\" content=\"article\" \/>\n<meta property=\"og:title\" content=\"DI HEPTARINE S\u00ae - Vetanco Brasil\" \/>\n<meta property=\"og:description\" content=\"O DI HEPTARINE S\u00ae \u00e9 um aditivo nutricional destinado para alimenta\u00e7\u00e3o animal em todas as fases de produ\u00e7\u00e3o.\" \/>\n<meta property=\"og:url\" content=\"https:\/\/staging.vetanco.com\/br\/produto\/di-heptarine-s\/\" \/>\n<meta property=\"og:site_name\" content=\"Vetanco Brasil\" \/>\n<meta property=\"article:modified_time\" content=\"2026-04-28T17:20:44+00:00\" \/>\n<meta property=\"og:image\" content=\"https:\/\/staging.vetanco.com\/br\/wp-content\/uploads\/2023\/12\/DI-HEPTARINE-S.png\" \/>\n\t<meta property=\"og:image:width\" content=\"800\" \/>\n\t<meta property=\"og:image:height\" content=\"800\" \/>\n\t<meta property=\"og:image:type\" content=\"image\/png\" \/>\n<meta name=\"twitter:card\" content=\"summary_large_image\" \/>\n<script type=\"application\/ld+json\" class=\"yoast-schema-graph\">{\"@context\":\"https:\/\/schema.org\",\"@graph\":[{\"@type\":\"WebPage\",\"@id\":\"https:\/\/staging.vetanco.com\/br\/produto\/di-heptarine-s\/\",\"url\":\"https:\/\/staging.vetanco.com\/br\/produto\/di-heptarine-s\/\",\"name\":\"DI HEPTARINE S\u00ae - Vetanco Brasil\",\"isPartOf\":{\"@id\":\"https:\/\/staging.vetanco.com\/br\/#website\"},\"primaryImageOfPage\":{\"@id\":\"https:\/\/staging.vetanco.com\/br\/produto\/di-heptarine-s\/#primaryimage\"},\"image\":{\"@id\":\"https:\/\/staging.vetanco.com\/br\/produto\/di-heptarine-s\/#primaryimage\"},\"thumbnailUrl\":\"https:\/\/staging.vetanco.com\/br\/wp-content\/uploads\/2023\/12\/DI-HEPTARINE-S.png\",\"datePublished\":\"2023-12-16T18:09:10+00:00\",\"dateModified\":\"2026-04-28T17:20:44+00:00\",\"breadcrumb\":{\"@id\":\"https:\/\/staging.vetanco.com\/br\/produto\/di-heptarine-s\/#breadcrumb\"},\"inLanguage\":\"pt-BR\",\"potentialAction\":[{\"@type\":\"ReadAction\",\"target\":[\"https:\/\/staging.vetanco.com\/br\/produto\/di-heptarine-s\/\"]}]},{\"@type\":\"ImageObject\",\"inLanguage\":\"pt-BR\",\"@id\":\"https:\/\/staging.vetanco.com\/br\/produto\/di-heptarine-s\/#primaryimage\",\"url\":\"https:\/\/staging.vetanco.com\/br\/wp-content\/uploads\/2023\/12\/DI-HEPTARINE-S.png\",\"contentUrl\":\"https:\/\/staging.vetanco.com\/br\/wp-content\/uploads\/2023\/12\/DI-HEPTARINE-S.png\",\"width\":800,\"height\":800},{\"@type\":\"BreadcrumbList\",\"@id\":\"https:\/\/staging.vetanco.com\/br\/produto\/di-heptarine-s\/#breadcrumb\",\"itemListElement\":[{\"@type\":\"ListItem\",\"position\":1,\"name\":\"In\u00edcio\",\"item\":\"https:\/\/staging.vetanco.com\/br\/\"},{\"@type\":\"ListItem\",\"position\":2,\"name\":\"Produtos\",\"item\":\"https:\/\/staging.vetanco.com\/br\/produtos\/\"},{\"@type\":\"ListItem\",\"position\":3,\"name\":\"DI HEPTARINE S\u00ae\"}]},{\"@type\":\"WebSite\",\"@id\":\"https:\/\/staging.vetanco.com\/br\/#website\",\"url\":\"https:\/\/staging.vetanco.com\/br\/\",\"name\":\"Vetanco Brasil\",\"description\":\"Produtos Seguros para Alimentos Seguros\",\"potentialAction\":[{\"@type\":\"SearchAction\",\"target\":{\"@type\":\"EntryPoint\",\"urlTemplate\":\"https:\/\/staging.vetanco.com\/br\/?s={search_term_string}\"},\"query-input\":{\"@type\":\"PropertyValueSpecification\",\"valueRequired\":true,\"valueName\":\"search_term_string\"}}],\"inLanguage\":\"pt-BR\"}]}<\/script>\n<!-- \/ Yoast SEO plugin. -->","yoast_head_json":{"title":"DI HEPTARINE S\u00ae - Vetanco Brasil","robots":{"index":"index","follow":"follow","max-snippet":"max-snippet:-1","max-image-preview":"max-image-preview:large","max-video-preview":"max-video-preview:-1"},"canonical":"https:\/\/staging.vetanco.com\/br\/produto\/di-heptarine-s\/","og_locale":"pt_BR","og_type":"article","og_title":"DI HEPTARINE S\u00ae - Vetanco Brasil","og_description":"O DI HEPTARINE S\u00ae \u00e9 um aditivo nutricional destinado para alimenta\u00e7\u00e3o animal em todas as fases de produ\u00e7\u00e3o.","og_url":"https:\/\/staging.vetanco.com\/br\/produto\/di-heptarine-s\/","og_site_name":"Vetanco Brasil","article_modified_time":"2026-04-28T17:20:44+00:00","og_image":[{"width":800,"height":800,"url":"https:\/\/staging.vetanco.com\/br\/wp-content\/uploads\/2023\/12\/DI-HEPTARINE-S.png","type":"image\/png"}],"twitter_card":"summary_large_image","schema":{"@context":"https:\/\/schema.org","@graph":[{"@type":"WebPage","@id":"https:\/\/staging.vetanco.com\/br\/produto\/di-heptarine-s\/","url":"https:\/\/staging.vetanco.com\/br\/produto\/di-heptarine-s\/","name":"DI HEPTARINE S\u00ae - Vetanco Brasil","isPartOf":{"@id":"https:\/\/staging.vetanco.com\/br\/#website"},"primaryImageOfPage":{"@id":"https:\/\/staging.vetanco.com\/br\/produto\/di-heptarine-s\/#primaryimage"},"image":{"@id":"https:\/\/staging.vetanco.com\/br\/produto\/di-heptarine-s\/#primaryimage"},"thumbnailUrl":"https:\/\/staging.vetanco.com\/br\/wp-content\/uploads\/2023\/12\/DI-HEPTARINE-S.png","datePublished":"2023-12-16T18:09:10+00:00","dateModified":"2026-04-28T17:20:44+00:00","breadcrumb":{"@id":"https:\/\/staging.vetanco.com\/br\/produto\/di-heptarine-s\/#breadcrumb"},"inLanguage":"pt-BR","potentialAction":[{"@type":"ReadAction","target":["https:\/\/staging.vetanco.com\/br\/produto\/di-heptarine-s\/"]}]},{"@type":"ImageObject","inLanguage":"pt-BR","@id":"https:\/\/staging.vetanco.com\/br\/produto\/di-heptarine-s\/#primaryimage","url":"https:\/\/staging.vetanco.com\/br\/wp-content\/uploads\/2023\/12\/DI-HEPTARINE-S.png","contentUrl":"https:\/\/staging.vetanco.com\/br\/wp-content\/uploads\/2023\/12\/DI-HEPTARINE-S.png","width":800,"height":800},{"@type":"BreadcrumbList","@id":"https:\/\/staging.vetanco.com\/br\/produto\/di-heptarine-s\/#breadcrumb","itemListElement":[{"@type":"ListItem","position":1,"name":"In\u00edcio","item":"https:\/\/staging.vetanco.com\/br\/"},{"@type":"ListItem","position":2,"name":"Produtos","item":"https:\/\/staging.vetanco.com\/br\/produtos\/"},{"@type":"ListItem","position":3,"name":"DI HEPTARINE S\u00ae"}]},{"@type":"WebSite","@id":"https:\/\/staging.vetanco.com\/br\/#website","url":"https:\/\/staging.vetanco.com\/br\/","name":"Vetanco Brasil","description":"Produtos Seguros para Alimentos Seguros","potentialAction":[{"@type":"SearchAction","target":{"@type":"EntryPoint","urlTemplate":"https:\/\/staging.vetanco.com\/br\/?s={search_term_string}"},"query-input":{"@type":"PropertyValueSpecification","valueRequired":true,"valueName":"search_term_string"}}],"inLanguage":"pt-BR"}]}},"_links":{"self":[{"href":"https:\/\/staging.vetanco.com\/br\/wp-json\/wp\/v2\/product\/45","targetHints":{"allow":["GET"]}}],"collection":[{"href":"https:\/\/staging.vetanco.com\/br\/wp-json\/wp\/v2\/product"}],"about":[{"href":"https:\/\/staging.vetanco.com\/br\/wp-json\/wp\/v2\/types\/product"}],"wp:featuredmedia":[{"embeddable":true,"href":"https:\/\/staging.vetanco.com\/br\/wp-json\/wp\/v2\/media\/614"}],"wp:attachment":[{"href":"https:\/\/staging.vetanco.com\/br\/wp-json\/wp\/v2\/media?parent=45"}],"wp:term":[{"taxonomy":"product_brand","embeddable":true,"href":"https:\/\/staging.vetanco.com\/br\/wp-json\/wp\/v2\/product_brand?post=45"},{"taxonomy":"product_cat","embeddable":true,"href":"https:\/\/staging.vetanco.com\/br\/wp-json\/wp\/v2\/product_cat?post=45"},{"taxonomy":"product_tag","embeddable":true,"href":"https:\/\/staging.vetanco.com\/br\/wp-json\/wp\/v2\/product_tag?post=45"}],"curies":[{"name":"wp","href":"https:\/\/api.w.org\/{rel}","templated":true}]}}