{"id":11086,"date":"2024-10-08T11:34:43","date_gmt":"2024-10-08T14:34:43","guid":{"rendered":"https:\/\/staging.vetanco.com\/es\/?post_type=product&#038;p=11086"},"modified":"2026-02-12T11:56:15","modified_gmt":"2026-02-12T14:56:15","slug":"multibiotic","status":"publish","type":"product","link":"https:\/\/staging.vetanco.com\/es\/producto\/multibiotic\/","title":{"rendered":"MULTIBIOTIC<sup>\u00ae<\/sup>"},"content":{"rendered":"<div class=\"info-box\">\n<h3><span style=\"color: #00397f;\">DROGAS Y COMPOSICI\u00d3N<\/span><\/h3>\n<p>Penicilina G benzat\u00ednica, proca\u00ednica y s\u00f3dica.<\/p>\n<p>5.000.000 UI, Estreptomicina (como sulfato) 2 g, Acet\u00f3nido de Triamcinolona 10 mg.\n<\/p>\n<\/div>\n<div class=\"info-box\">\n<h3><span style=\"color: #00397f;\">DOSIS<\/span><\/h3>\n<p>10 &#8211; 20 mg\/kg p.v. (0,02 &#8211; 0,1 litro\/100 litros de agua = 5-10 g de Florfenicol\/100 litros de agua), durante 5 d\u00edas.\n<\/p>\n<\/div>\n<div class=\"info-box\">\n<h3><span style=\"color: #00397f;\">PER\u00cdODO DE RETIRO<\/span><\/h3>\n<p>30 d\u00edas.\n<\/p>\n<\/div>\n<div class=\"info-box\">\n<h3><span style=\"color: #00397f;\">PRESENTACI\u00d3N<\/span><\/h3>\n<p>Frasco ampolla y diluyente de 15 ml.\n<\/p>\n<\/div>\n","protected":false},"excerpt":{"rendered":"<p><img loading=\"lazy\" decoding=\"async\" class=\"alignnone size-full wp-image-11191\" src=\"https:\/\/staging.vetanco.com\/wp-content\/uploads\/2024\/10\/Picto-Bovinos-1.png\" alt=\"\" width=\"75\" height=\"63\" \/> <img loading=\"lazy\" decoding=\"async\" class=\"alignnone size-full wp-image-11193\" src=\"https:\/\/staging.vetanco.com\/wp-content\/uploads\/2024\/10\/Picto-Cerdos-3.png\" alt=\"\" width=\"75\" height=\"63\" \/><\/p>\n<p><span style=\"font-weight: 400;\">Tratamiento de infecciones provocadas por bacterias sensibles a la penicilina y\/o estreptomicina. Adem\u00e1s, donde se requiera un efecto antiinflamatorio potente. <\/span><\/p>\n","protected":false},"featured_media":13964,"comment_status":"open","ping_status":"closed","template":"","meta":[],"product_brand":[],"product_cat":[21,18],"product_tag":[],"class_list":{"0":"post-11086","1":"product","2":"type-product","3":"status-publish","4":"has-post-thumbnail","6":"product_cat-bovinos","7":"product_cat-porcinos","9":"first","10":"instock","11":"shipping-taxable","12":"product-type-simple"},"yoast_head":"<!-- This site is optimized with the Yoast SEO plugin v25.2 - https:\/\/yoast.com\/wordpress\/plugins\/seo\/ -->\n<title>MULTIBIOTIC\u00ae - Vetanco Argentina<\/title>\n<meta name=\"description\" content=\"Farmaco utilizado para el tratamiento de infecciones provocadas por bacterias sensibles a la penicilina y\/o estreptomicina.\" \/>\n<meta name=\"robots\" content=\"index, follow, max-snippet:-1, max-image-preview:large, max-video-preview:-1\" \/>\n<link rel=\"canonical\" href=\"https:\/\/staging.vetanco.com\/es\/producto\/multibiotic\/\" \/>\n<meta property=\"og:locale\" content=\"es_ES\" \/>\n<meta property=\"og:type\" content=\"article\" \/>\n<meta property=\"og:title\" content=\"MULTIBIOTIC\u00ae - Vetanco Argentina\" \/>\n<meta property=\"og:description\" content=\"Farmaco utilizado para el tratamiento de infecciones provocadas por bacterias sensibles a la penicilina y\/o estreptomicina.\" \/>\n<meta property=\"og:url\" content=\"https:\/\/staging.vetanco.com\/es\/producto\/multibiotic\/\" \/>\n<meta property=\"og:site_name\" content=\"Vetanco Argentina\" \/>\n<meta property=\"article:modified_time\" content=\"2026-02-12T14:56:15+00:00\" \/>\n<meta property=\"og:image\" content=\"https:\/\/staging.vetanco.com\/es\/wp-content\/uploads\/2024\/10\/Multibiotic-2.png\" \/>\n\t<meta property=\"og:image:width\" content=\"800\" \/>\n\t<meta property=\"og:image:height\" content=\"800\" \/>\n\t<meta property=\"og:image:type\" content=\"image\/png\" \/>\n<meta name=\"twitter:card\" content=\"summary_large_image\" \/>\n<meta name=\"twitter:label1\" content=\"Est. reading time\" \/>\n\t<meta name=\"twitter:data1\" content=\"1 minute\" \/>\n<script type=\"application\/ld+json\" class=\"yoast-schema-graph\">{\"@context\":\"https:\/\/schema.org\",\"@graph\":[{\"@type\":\"WebPage\",\"@id\":\"https:\/\/staging.vetanco.com\/es\/producto\/multibiotic\/\",\"url\":\"https:\/\/staging.vetanco.com\/es\/producto\/multibiotic\/\",\"name\":\"MULTIBIOTIC\u00ae - Vetanco Argentina\",\"isPartOf\":{\"@id\":\"https:\/\/staging.vetanco.com\/es\/#website\"},\"primaryImageOfPage\":{\"@id\":\"https:\/\/staging.vetanco.com\/es\/producto\/multibiotic\/#primaryimage\"},\"image\":{\"@id\":\"https:\/\/staging.vetanco.com\/es\/producto\/multibiotic\/#primaryimage\"},\"thumbnailUrl\":\"https:\/\/staging.vetanco.com\/es\/wp-content\/uploads\/2024\/10\/Multibiotic-2.png\",\"datePublished\":\"2024-10-08T14:34:43+00:00\",\"dateModified\":\"2026-02-12T14:56:15+00:00\",\"description\":\"Farmaco utilizado para el tratamiento de infecciones provocadas por bacterias sensibles a la penicilina y\/o estreptomicina.\",\"breadcrumb\":{\"@id\":\"https:\/\/staging.vetanco.com\/es\/producto\/multibiotic\/#breadcrumb\"},\"inLanguage\":\"es-ES\",\"potentialAction\":[{\"@type\":\"ReadAction\",\"target\":[\"https:\/\/staging.vetanco.com\/es\/producto\/multibiotic\/\"]}]},{\"@type\":\"ImageObject\",\"inLanguage\":\"es-ES\",\"@id\":\"https:\/\/staging.vetanco.com\/es\/producto\/multibiotic\/#primaryimage\",\"url\":\"https:\/\/staging.vetanco.com\/es\/wp-content\/uploads\/2024\/10\/Multibiotic-2.png\",\"contentUrl\":\"https:\/\/staging.vetanco.com\/es\/wp-content\/uploads\/2024\/10\/Multibiotic-2.png\",\"width\":800,\"height\":800},{\"@type\":\"BreadcrumbList\",\"@id\":\"https:\/\/staging.vetanco.com\/es\/producto\/multibiotic\/#breadcrumb\",\"itemListElement\":[{\"@type\":\"ListItem\",\"position\":1,\"name\":\"In\u00edcio\",\"item\":\"https:\/\/staging.vetanco.com\/es\/\"},{\"@type\":\"ListItem\",\"position\":2,\"name\":\"Productos\",\"item\":\"https:\/\/staging.vetanco.com\/es\/productos\/\"},{\"@type\":\"ListItem\",\"position\":3,\"name\":\"MULTIBIOTIC\u00ae\"}]},{\"@type\":\"WebSite\",\"@id\":\"https:\/\/staging.vetanco.com\/es\/#website\",\"url\":\"https:\/\/staging.vetanco.com\/es\/\",\"name\":\"Vetanco Argentina\",\"description\":\"Productos Seguros para Alimentos Seguros\",\"potentialAction\":[{\"@type\":\"SearchAction\",\"target\":{\"@type\":\"EntryPoint\",\"urlTemplate\":\"https:\/\/staging.vetanco.com\/es\/?s={search_term_string}\"},\"query-input\":{\"@type\":\"PropertyValueSpecification\",\"valueRequired\":true,\"valueName\":\"search_term_string\"}}],\"inLanguage\":\"es-ES\"}]}<\/script>\n<!-- \/ Yoast SEO plugin. -->","yoast_head_json":{"title":"MULTIBIOTIC\u00ae - Vetanco Argentina","description":"Farmaco utilizado para el tratamiento de infecciones provocadas por bacterias sensibles a la penicilina y\/o estreptomicina.","robots":{"index":"index","follow":"follow","max-snippet":"max-snippet:-1","max-image-preview":"max-image-preview:large","max-video-preview":"max-video-preview:-1"},"canonical":"https:\/\/staging.vetanco.com\/es\/producto\/multibiotic\/","og_locale":"es_ES","og_type":"article","og_title":"MULTIBIOTIC\u00ae - Vetanco Argentina","og_description":"Farmaco utilizado para el tratamiento de infecciones provocadas por bacterias sensibles a la penicilina y\/o estreptomicina.","og_url":"https:\/\/staging.vetanco.com\/es\/producto\/multibiotic\/","og_site_name":"Vetanco Argentina","article_modified_time":"2026-02-12T14:56:15+00:00","og_image":[{"width":800,"height":800,"url":"https:\/\/staging.vetanco.com\/es\/wp-content\/uploads\/2024\/10\/Multibiotic-2.png","type":"image\/png"}],"twitter_card":"summary_large_image","twitter_misc":{"Est. reading time":"1 minute"},"schema":{"@context":"https:\/\/schema.org","@graph":[{"@type":"WebPage","@id":"https:\/\/staging.vetanco.com\/es\/producto\/multibiotic\/","url":"https:\/\/staging.vetanco.com\/es\/producto\/multibiotic\/","name":"MULTIBIOTIC\u00ae - Vetanco Argentina","isPartOf":{"@id":"https:\/\/staging.vetanco.com\/es\/#website"},"primaryImageOfPage":{"@id":"https:\/\/staging.vetanco.com\/es\/producto\/multibiotic\/#primaryimage"},"image":{"@id":"https:\/\/staging.vetanco.com\/es\/producto\/multibiotic\/#primaryimage"},"thumbnailUrl":"https:\/\/staging.vetanco.com\/es\/wp-content\/uploads\/2024\/10\/Multibiotic-2.png","datePublished":"2024-10-08T14:34:43+00:00","dateModified":"2026-02-12T14:56:15+00:00","description":"Farmaco utilizado para el tratamiento de infecciones provocadas por bacterias sensibles a la penicilina y\/o estreptomicina.","breadcrumb":{"@id":"https:\/\/staging.vetanco.com\/es\/producto\/multibiotic\/#breadcrumb"},"inLanguage":"es-ES","potentialAction":[{"@type":"ReadAction","target":["https:\/\/staging.vetanco.com\/es\/producto\/multibiotic\/"]}]},{"@type":"ImageObject","inLanguage":"es-ES","@id":"https:\/\/staging.vetanco.com\/es\/producto\/multibiotic\/#primaryimage","url":"https:\/\/staging.vetanco.com\/es\/wp-content\/uploads\/2024\/10\/Multibiotic-2.png","contentUrl":"https:\/\/staging.vetanco.com\/es\/wp-content\/uploads\/2024\/10\/Multibiotic-2.png","width":800,"height":800},{"@type":"BreadcrumbList","@id":"https:\/\/staging.vetanco.com\/es\/producto\/multibiotic\/#breadcrumb","itemListElement":[{"@type":"ListItem","position":1,"name":"In\u00edcio","item":"https:\/\/staging.vetanco.com\/es\/"},{"@type":"ListItem","position":2,"name":"Productos","item":"https:\/\/staging.vetanco.com\/es\/productos\/"},{"@type":"ListItem","position":3,"name":"MULTIBIOTIC\u00ae"}]},{"@type":"WebSite","@id":"https:\/\/staging.vetanco.com\/es\/#website","url":"https:\/\/staging.vetanco.com\/es\/","name":"Vetanco Argentina","description":"Productos Seguros para Alimentos Seguros","potentialAction":[{"@type":"SearchAction","target":{"@type":"EntryPoint","urlTemplate":"https:\/\/staging.vetanco.com\/es\/?s={search_term_string}"},"query-input":{"@type":"PropertyValueSpecification","valueRequired":true,"valueName":"search_term_string"}}],"inLanguage":"es-ES"}]}},"_links":{"self":[{"href":"https:\/\/staging.vetanco.com\/es\/wp-json\/wp\/v2\/product\/11086","targetHints":{"allow":["GET"]}}],"collection":[{"href":"https:\/\/staging.vetanco.com\/es\/wp-json\/wp\/v2\/product"}],"about":[{"href":"https:\/\/staging.vetanco.com\/es\/wp-json\/wp\/v2\/types\/product"}],"replies":[{"embeddable":true,"href":"https:\/\/staging.vetanco.com\/es\/wp-json\/wp\/v2\/comments?post=11086"}],"wp:featuredmedia":[{"embeddable":true,"href":"https:\/\/staging.vetanco.com\/es\/wp-json\/wp\/v2\/media\/13964"}],"wp:attachment":[{"href":"https:\/\/staging.vetanco.com\/es\/wp-json\/wp\/v2\/media?parent=11086"}],"wp:term":[{"taxonomy":"product_brand","embeddable":true,"href":"https:\/\/staging.vetanco.com\/es\/wp-json\/wp\/v2\/product_brand?post=11086"},{"taxonomy":"product_cat","embeddable":true,"href":"https:\/\/staging.vetanco.com\/es\/wp-json\/wp\/v2\/product_cat?post=11086"},{"taxonomy":"product_tag","embeddable":true,"href":"https:\/\/staging.vetanco.com\/es\/wp-json\/wp\/v2\/product_tag?post=11086"}],"curies":[{"name":"wp","href":"https:\/\/api.w.org\/{rel}","templated":true}]}}