{"id":11161,"date":"2024-10-09T08:22:22","date_gmt":"2024-10-09T11:22:22","guid":{"rendered":"https:\/\/staging.vetanco.com\/es\/?post_type=product&#038;p=11161"},"modified":"2026-02-12T10:04:51","modified_gmt":"2026-02-12T13:04:51","slug":"ambiflud-benzuron-fg-80","status":"publish","type":"product","link":"https:\/\/staging.vetanco.com\/es\/producto\/ambiflud-benzuron-fg-80\/","title":{"rendered":"AMBIFLUD<sup>\u00ae<\/sup> BENZUR\u00d3N FG 80"},"content":{"rendered":"<div class=\"info-box\">\n<h3><span style=\"color: #00397f;\">COMPOSICI\u00d3N<\/span><\/h3>\n<p>Diflubenzur\u00f3n 8%.<\/p>\n<\/div>\n<div class=\"info-box\">\n<h3><span style=\"color: #00397f;\">DOSIS<\/span><\/h3>\n<p>0,5 &#8211; 1 kg\/ton de alimento, considerando un consumo promedio del 3% del peso corporal.<\/p>\n<\/div>\n<div class=\"info-box\">\n<h3><span style=\"color: #00397f;\">PER\u00cdODO DE RETIRO<\/span><\/h3>\n<p>No posee.<\/p>\n<\/div>\n<div class=\"info-box\">\n<h3><span style=\"color: #00397f;\">PRESENTACI\u00d3N<\/span><\/h3>\n<p>1 kg.<\/p>\n<\/div>\n","protected":false},"excerpt":{"rendered":"<p><img loading=\"lazy\" decoding=\"async\" class=\"alignnone size-full wp-image-11190\" src=\"https:\/\/staging.vetanco.com\/wp-content\/uploads\/2024\/10\/Picto-Ambiental-1.png\" alt=\"\" width=\"75\" height=\"63\" \/> <img loading=\"lazy\" decoding=\"async\" class=\"alignnone size-full wp-image-11191\" src=\"https:\/\/staging.vetanco.com\/wp-content\/uploads\/2024\/10\/Picto-Bovinos-1.png\" alt=\"\" width=\"75\" height=\"63\" \/><\/p>\n<p><span style=\"font-weight: 400;\">Control de infestaciones por mosca dom\u00e9stica, afectando a huevos y larvas, reduciendo la p\u00e9rdida productiva de los animales.<\/span><\/p>\n","protected":false},"featured_media":14509,"comment_status":"open","ping_status":"closed","template":"","meta":[],"product_brand":[],"product_cat":[869,21],"product_tag":[],"class_list":{"0":"post-11161","1":"product","2":"type-product","3":"status-publish","4":"has-post-thumbnail","6":"product_cat-ambiente","7":"product_cat-bovinos","9":"first","10":"instock","11":"shipping-taxable","12":"product-type-simple"},"yoast_head":"<!-- This site is optimized with the Yoast SEO plugin v25.2 - https:\/\/yoast.com\/wordpress\/plugins\/seo\/ -->\n<title>AMBIFLUD\u00ae BENZUR\u00d3N FG 80 - Vetanco Argentina<\/title>\n<meta name=\"description\" content=\"Control de infestaciones por mosca dom\u00e9stica, afectando a huevos y larvas, reduciendo la p\u00e9rdida productiva de los animales.\" \/>\n<meta name=\"robots\" content=\"index, follow, max-snippet:-1, max-image-preview:large, max-video-preview:-1\" \/>\n<link rel=\"canonical\" href=\"https:\/\/staging.vetanco.com\/es\/producto\/ambiflud-benzuron-fg-80\/\" \/>\n<meta property=\"og:locale\" content=\"es_ES\" \/>\n<meta property=\"og:type\" content=\"article\" \/>\n<meta property=\"og:title\" content=\"AMBIFLUD\u00ae BENZUR\u00d3N FG 80 - Vetanco Argentina\" \/>\n<meta property=\"og:description\" content=\"Control de infestaciones por mosca dom\u00e9stica, afectando a huevos y larvas, reduciendo la p\u00e9rdida productiva de los animales.\" \/>\n<meta property=\"og:url\" content=\"https:\/\/staging.vetanco.com\/es\/producto\/ambiflud-benzuron-fg-80\/\" \/>\n<meta property=\"og:site_name\" content=\"Vetanco Argentina\" \/>\n<meta property=\"article:modified_time\" content=\"2026-02-12T13:04:51+00:00\" \/>\n<meta property=\"og:image\" content=\"https:\/\/staging.vetanco.com\/es\/wp-content\/uploads\/2024\/10\/Ambiflud-Benzuron-FG-80-2-510x510-1.png\" \/>\n\t<meta property=\"og:image:width\" content=\"510\" \/>\n\t<meta property=\"og:image:height\" content=\"510\" \/>\n\t<meta property=\"og:image:type\" content=\"image\/png\" \/>\n<meta name=\"twitter:card\" content=\"summary_large_image\" \/>\n<meta name=\"twitter:label1\" content=\"Est. reading time\" \/>\n\t<meta name=\"twitter:data1\" content=\"1 minute\" \/>\n<script type=\"application\/ld+json\" class=\"yoast-schema-graph\">{\"@context\":\"https:\/\/schema.org\",\"@graph\":[{\"@type\":\"WebPage\",\"@id\":\"https:\/\/staging.vetanco.com\/es\/producto\/ambiflud-benzuron-fg-80\/\",\"url\":\"https:\/\/staging.vetanco.com\/es\/producto\/ambiflud-benzuron-fg-80\/\",\"name\":\"AMBIFLUD\u00ae BENZUR\u00d3N FG 80 - Vetanco Argentina\",\"isPartOf\":{\"@id\":\"https:\/\/staging.vetanco.com\/es\/#website\"},\"primaryImageOfPage\":{\"@id\":\"https:\/\/staging.vetanco.com\/es\/producto\/ambiflud-benzuron-fg-80\/#primaryimage\"},\"image\":{\"@id\":\"https:\/\/staging.vetanco.com\/es\/producto\/ambiflud-benzuron-fg-80\/#primaryimage\"},\"thumbnailUrl\":\"https:\/\/staging.vetanco.com\/es\/wp-content\/uploads\/2024\/10\/Ambiflud-Benzuron-FG-80-2-510x510-1.png\",\"datePublished\":\"2024-10-09T11:22:22+00:00\",\"dateModified\":\"2026-02-12T13:04:51+00:00\",\"description\":\"Control de infestaciones por mosca dom\u00e9stica, afectando a huevos y larvas, reduciendo la p\u00e9rdida productiva de los animales.\",\"breadcrumb\":{\"@id\":\"https:\/\/staging.vetanco.com\/es\/producto\/ambiflud-benzuron-fg-80\/#breadcrumb\"},\"inLanguage\":\"es-ES\",\"potentialAction\":[{\"@type\":\"ReadAction\",\"target\":[\"https:\/\/staging.vetanco.com\/es\/producto\/ambiflud-benzuron-fg-80\/\"]}]},{\"@type\":\"ImageObject\",\"inLanguage\":\"es-ES\",\"@id\":\"https:\/\/staging.vetanco.com\/es\/producto\/ambiflud-benzuron-fg-80\/#primaryimage\",\"url\":\"https:\/\/staging.vetanco.com\/es\/wp-content\/uploads\/2024\/10\/Ambiflud-Benzuron-FG-80-2-510x510-1.png\",\"contentUrl\":\"https:\/\/staging.vetanco.com\/es\/wp-content\/uploads\/2024\/10\/Ambiflud-Benzuron-FG-80-2-510x510-1.png\",\"width\":510,\"height\":510},{\"@type\":\"BreadcrumbList\",\"@id\":\"https:\/\/staging.vetanco.com\/es\/producto\/ambiflud-benzuron-fg-80\/#breadcrumb\",\"itemListElement\":[{\"@type\":\"ListItem\",\"position\":1,\"name\":\"In\u00edcio\",\"item\":\"https:\/\/staging.vetanco.com\/es\/\"},{\"@type\":\"ListItem\",\"position\":2,\"name\":\"Productos\",\"item\":\"https:\/\/staging.vetanco.com\/es\/productos\/\"},{\"@type\":\"ListItem\",\"position\":3,\"name\":\"AMBIFLUD\u00ae BENZUR\u00d3N FG 80\"}]},{\"@type\":\"WebSite\",\"@id\":\"https:\/\/staging.vetanco.com\/es\/#website\",\"url\":\"https:\/\/staging.vetanco.com\/es\/\",\"name\":\"Vetanco Argentina\",\"description\":\"Productos Seguros para Alimentos Seguros\",\"potentialAction\":[{\"@type\":\"SearchAction\",\"target\":{\"@type\":\"EntryPoint\",\"urlTemplate\":\"https:\/\/staging.vetanco.com\/es\/?s={search_term_string}\"},\"query-input\":{\"@type\":\"PropertyValueSpecification\",\"valueRequired\":true,\"valueName\":\"search_term_string\"}}],\"inLanguage\":\"es-ES\"}]}<\/script>\n<!-- \/ Yoast SEO plugin. -->","yoast_head_json":{"title":"AMBIFLUD\u00ae BENZUR\u00d3N FG 80 - Vetanco Argentina","description":"Control de infestaciones por mosca dom\u00e9stica, afectando a huevos y larvas, reduciendo la p\u00e9rdida productiva de los animales.","robots":{"index":"index","follow":"follow","max-snippet":"max-snippet:-1","max-image-preview":"max-image-preview:large","max-video-preview":"max-video-preview:-1"},"canonical":"https:\/\/staging.vetanco.com\/es\/producto\/ambiflud-benzuron-fg-80\/","og_locale":"es_ES","og_type":"article","og_title":"AMBIFLUD\u00ae BENZUR\u00d3N FG 80 - Vetanco Argentina","og_description":"Control de infestaciones por mosca dom\u00e9stica, afectando a huevos y larvas, reduciendo la p\u00e9rdida productiva de los animales.","og_url":"https:\/\/staging.vetanco.com\/es\/producto\/ambiflud-benzuron-fg-80\/","og_site_name":"Vetanco Argentina","article_modified_time":"2026-02-12T13:04:51+00:00","og_image":[{"width":510,"height":510,"url":"https:\/\/staging.vetanco.com\/es\/wp-content\/uploads\/2024\/10\/Ambiflud-Benzuron-FG-80-2-510x510-1.png","type":"image\/png"}],"twitter_card":"summary_large_image","twitter_misc":{"Est. reading time":"1 minute"},"schema":{"@context":"https:\/\/schema.org","@graph":[{"@type":"WebPage","@id":"https:\/\/staging.vetanco.com\/es\/producto\/ambiflud-benzuron-fg-80\/","url":"https:\/\/staging.vetanco.com\/es\/producto\/ambiflud-benzuron-fg-80\/","name":"AMBIFLUD\u00ae BENZUR\u00d3N FG 80 - Vetanco Argentina","isPartOf":{"@id":"https:\/\/staging.vetanco.com\/es\/#website"},"primaryImageOfPage":{"@id":"https:\/\/staging.vetanco.com\/es\/producto\/ambiflud-benzuron-fg-80\/#primaryimage"},"image":{"@id":"https:\/\/staging.vetanco.com\/es\/producto\/ambiflud-benzuron-fg-80\/#primaryimage"},"thumbnailUrl":"https:\/\/staging.vetanco.com\/es\/wp-content\/uploads\/2024\/10\/Ambiflud-Benzuron-FG-80-2-510x510-1.png","datePublished":"2024-10-09T11:22:22+00:00","dateModified":"2026-02-12T13:04:51+00:00","description":"Control de infestaciones por mosca dom\u00e9stica, afectando a huevos y larvas, reduciendo la p\u00e9rdida productiva de los animales.","breadcrumb":{"@id":"https:\/\/staging.vetanco.com\/es\/producto\/ambiflud-benzuron-fg-80\/#breadcrumb"},"inLanguage":"es-ES","potentialAction":[{"@type":"ReadAction","target":["https:\/\/staging.vetanco.com\/es\/producto\/ambiflud-benzuron-fg-80\/"]}]},{"@type":"ImageObject","inLanguage":"es-ES","@id":"https:\/\/staging.vetanco.com\/es\/producto\/ambiflud-benzuron-fg-80\/#primaryimage","url":"https:\/\/staging.vetanco.com\/es\/wp-content\/uploads\/2024\/10\/Ambiflud-Benzuron-FG-80-2-510x510-1.png","contentUrl":"https:\/\/staging.vetanco.com\/es\/wp-content\/uploads\/2024\/10\/Ambiflud-Benzuron-FG-80-2-510x510-1.png","width":510,"height":510},{"@type":"BreadcrumbList","@id":"https:\/\/staging.vetanco.com\/es\/producto\/ambiflud-benzuron-fg-80\/#breadcrumb","itemListElement":[{"@type":"ListItem","position":1,"name":"In\u00edcio","item":"https:\/\/staging.vetanco.com\/es\/"},{"@type":"ListItem","position":2,"name":"Productos","item":"https:\/\/staging.vetanco.com\/es\/productos\/"},{"@type":"ListItem","position":3,"name":"AMBIFLUD\u00ae BENZUR\u00d3N FG 80"}]},{"@type":"WebSite","@id":"https:\/\/staging.vetanco.com\/es\/#website","url":"https:\/\/staging.vetanco.com\/es\/","name":"Vetanco Argentina","description":"Productos Seguros para Alimentos Seguros","potentialAction":[{"@type":"SearchAction","target":{"@type":"EntryPoint","urlTemplate":"https:\/\/staging.vetanco.com\/es\/?s={search_term_string}"},"query-input":{"@type":"PropertyValueSpecification","valueRequired":true,"valueName":"search_term_string"}}],"inLanguage":"es-ES"}]}},"_links":{"self":[{"href":"https:\/\/staging.vetanco.com\/es\/wp-json\/wp\/v2\/product\/11161","targetHints":{"allow":["GET"]}}],"collection":[{"href":"https:\/\/staging.vetanco.com\/es\/wp-json\/wp\/v2\/product"}],"about":[{"href":"https:\/\/staging.vetanco.com\/es\/wp-json\/wp\/v2\/types\/product"}],"replies":[{"embeddable":true,"href":"https:\/\/staging.vetanco.com\/es\/wp-json\/wp\/v2\/comments?post=11161"}],"wp:featuredmedia":[{"embeddable":true,"href":"https:\/\/staging.vetanco.com\/es\/wp-json\/wp\/v2\/media\/14509"}],"wp:attachment":[{"href":"https:\/\/staging.vetanco.com\/es\/wp-json\/wp\/v2\/media?parent=11161"}],"wp:term":[{"taxonomy":"product_brand","embeddable":true,"href":"https:\/\/staging.vetanco.com\/es\/wp-json\/wp\/v2\/product_brand?post=11161"},{"taxonomy":"product_cat","embeddable":true,"href":"https:\/\/staging.vetanco.com\/es\/wp-json\/wp\/v2\/product_cat?post=11161"},{"taxonomy":"product_tag","embeddable":true,"href":"https:\/\/staging.vetanco.com\/es\/wp-json\/wp\/v2\/product_tag?post=11161"}],"curies":[{"name":"wp","href":"https:\/\/api.w.org\/{rel}","templated":true}]}}