{"id":11311,"date":"2024-10-14T10:11:09","date_gmt":"2024-10-14T13:11:09","guid":{"rendered":"https:\/\/staging.vetanco.com\/es\/?post_type=product&#038;p=11311"},"modified":"2026-01-05T11:55:57","modified_gmt":"2026-01-05T14:55:57","slug":"atrafix","status":"publish","type":"product","link":"https:\/\/staging.vetanco.com\/es\/producto\/atrafix\/","title":{"rendered":"ATRAFIX<sup>\u00ae<\/sup>"},"content":{"rendered":"<div class=\"info-box\">\n<h3><span style=\"color: #00397f;\">DROGAS Y COMPOSICI\u00d3N<\/span><\/h3>\n<p>Amitraz 25%.\n<\/p>\n<\/div>\n<div class=\"info-box\">\n<h3><span style=\"color: #00397f;\">DOSIS<\/span><\/h3>\n<ul>\n<li><b>Pie de ba\u00f1o:<\/b> 1 L de Atrafix y 10 kg de estabilizante por cada 1000 L de agua.<\/li>\n<li><b>Reposici\u00f3n y refuerzos:<\/b> 2 L de Atrafix y 20 kg de estabilizante por cada 1.000 L de agua.<\/li>\n<li>Para <b>limpieza de tropa<\/b>, realizar 2 ba\u00f1os con intervalo de 9 d\u00edas. Para los establecimientos ubicados en la zona de lucha activa o preparatoria, los intervalos entre ba\u00f1os ser\u00e1n determinados por el SENASA.<\/li>\n<\/ul>\n<\/div>\n<div class=\"info-box\">\n<h3><span style=\"color: #00397f;\">PER\u00cdODO DE RETIRO<\/span><\/h3>\n<ul>\n<li><b>Carne:<\/b> 14 d\u00edas.<\/li>\n<li><b>Leche:<\/b> no utilizar los dos \u00faltimos orde\u00f1es luego del tratamiento.<\/li>\n<\/ul>\n<\/div>\n<div class=\"info-box\">\n<h3><span style=\"color: #00397f;\">PRESENTACI\u00d3N<\/span><\/h3>\n<p>1 L + estabilizante.<\/p>\n<\/div>\n","protected":false},"excerpt":{"rendered":"<p><img loading=\"lazy\" decoding=\"async\" class=\"alignnone size-full wp-image-11191\" src=\"https:\/\/staging.vetanco.com\/wp-content\/uploads\/2024\/10\/Picto-Bovinos-1.png\" alt=\"\" width=\"75\" height=\"63\" \/> <img loading=\"lazy\" decoding=\"async\" class=\"alignnone size-full wp-image-11194\" src=\"https:\/\/staging.vetanco.com\/wp-content\/uploads\/2024\/10\/Picto-Aves-1.png\" alt=\"\" width=\"75\" height=\"63\" \/><\/p>\n<p><span style=\"font-weight: 400;\">Control de garrapatas de uso t\u00f3pico (inmersi\u00f3n).<\/span><\/p>\n","protected":false},"featured_media":13827,"comment_status":"open","ping_status":"closed","template":"","meta":[],"product_brand":[],"product_cat":[17,21],"product_tag":[],"class_list":{"0":"post-11311","1":"product","2":"type-product","3":"status-publish","4":"has-post-thumbnail","6":"product_cat-aves","7":"product_cat-bovinos","9":"first","10":"instock","11":"shipping-taxable","12":"product-type-simple"},"yoast_head":"<!-- This site is optimized with the Yoast SEO plugin v25.2 - https:\/\/yoast.com\/wordpress\/plugins\/seo\/ -->\n<title>ATRAFIX\u00ae - Vetanco Argentina<\/title>\n<meta name=\"description\" content=\"Producto de la l\u00ednea Vetanco para el control de garrapatas de uso t\u00f3pico (inmersi\u00f3n).\u00a0Para limpieza de tropa, realizar 2 ba\u00f1os con intervalo de 9 d\u00edas.\" \/>\n<meta name=\"robots\" content=\"index, follow, max-snippet:-1, max-image-preview:large, max-video-preview:-1\" \/>\n<link rel=\"canonical\" href=\"https:\/\/staging.vetanco.com\/es\/producto\/atrafix\/\" \/>\n<meta property=\"og:locale\" content=\"es_ES\" \/>\n<meta property=\"og:type\" content=\"article\" \/>\n<meta property=\"og:title\" content=\"ATRAFIX\u00ae - Vetanco Argentina\" \/>\n<meta property=\"og:description\" content=\"Producto de la l\u00ednea Vetanco para el control de garrapatas de uso t\u00f3pico (inmersi\u00f3n).\u00a0Para limpieza de tropa, realizar 2 ba\u00f1os con intervalo de 9 d\u00edas.\" \/>\n<meta property=\"og:url\" content=\"https:\/\/staging.vetanco.com\/es\/producto\/atrafix\/\" \/>\n<meta property=\"og:site_name\" content=\"Vetanco Argentina\" \/>\n<meta property=\"article:modified_time\" content=\"2026-01-05T14:55:57+00:00\" \/>\n<meta property=\"og:image\" content=\"https:\/\/staging.vetanco.com\/es\/wp-content\/uploads\/2024\/10\/Atrafix.png\" \/>\n\t<meta property=\"og:image:width\" content=\"800\" \/>\n\t<meta property=\"og:image:height\" content=\"800\" \/>\n\t<meta property=\"og:image:type\" content=\"image\/png\" \/>\n<meta name=\"twitter:card\" content=\"summary_large_image\" \/>\n<meta name=\"twitter:label1\" content=\"Est. reading time\" \/>\n\t<meta name=\"twitter:data1\" content=\"1 minute\" \/>\n<script type=\"application\/ld+json\" class=\"yoast-schema-graph\">{\"@context\":\"https:\/\/schema.org\",\"@graph\":[{\"@type\":\"WebPage\",\"@id\":\"https:\/\/staging.vetanco.com\/es\/producto\/atrafix\/\",\"url\":\"https:\/\/staging.vetanco.com\/es\/producto\/atrafix\/\",\"name\":\"ATRAFIX\u00ae - Vetanco Argentina\",\"isPartOf\":{\"@id\":\"https:\/\/staging.vetanco.com\/es\/#website\"},\"primaryImageOfPage\":{\"@id\":\"https:\/\/staging.vetanco.com\/es\/producto\/atrafix\/#primaryimage\"},\"image\":{\"@id\":\"https:\/\/staging.vetanco.com\/es\/producto\/atrafix\/#primaryimage\"},\"thumbnailUrl\":\"https:\/\/staging.vetanco.com\/es\/wp-content\/uploads\/2024\/10\/Atrafix.png\",\"datePublished\":\"2024-10-14T13:11:09+00:00\",\"dateModified\":\"2026-01-05T14:55:57+00:00\",\"description\":\"Producto de la l\u00ednea Vetanco para el control de garrapatas de uso t\u00f3pico (inmersi\u00f3n).\u00a0Para limpieza de tropa, realizar 2 ba\u00f1os con intervalo de 9 d\u00edas.\",\"breadcrumb\":{\"@id\":\"https:\/\/staging.vetanco.com\/es\/producto\/atrafix\/#breadcrumb\"},\"inLanguage\":\"es-ES\",\"potentialAction\":[{\"@type\":\"ReadAction\",\"target\":[\"https:\/\/staging.vetanco.com\/es\/producto\/atrafix\/\"]}]},{\"@type\":\"ImageObject\",\"inLanguage\":\"es-ES\",\"@id\":\"https:\/\/staging.vetanco.com\/es\/producto\/atrafix\/#primaryimage\",\"url\":\"https:\/\/staging.vetanco.com\/es\/wp-content\/uploads\/2024\/10\/Atrafix.png\",\"contentUrl\":\"https:\/\/staging.vetanco.com\/es\/wp-content\/uploads\/2024\/10\/Atrafix.png\",\"width\":800,\"height\":800},{\"@type\":\"BreadcrumbList\",\"@id\":\"https:\/\/staging.vetanco.com\/es\/producto\/atrafix\/#breadcrumb\",\"itemListElement\":[{\"@type\":\"ListItem\",\"position\":1,\"name\":\"In\u00edcio\",\"item\":\"https:\/\/staging.vetanco.com\/es\/\"},{\"@type\":\"ListItem\",\"position\":2,\"name\":\"Productos\",\"item\":\"https:\/\/staging.vetanco.com\/es\/productos\/\"},{\"@type\":\"ListItem\",\"position\":3,\"name\":\"ATRAFIX\u00ae\"}]},{\"@type\":\"WebSite\",\"@id\":\"https:\/\/staging.vetanco.com\/es\/#website\",\"url\":\"https:\/\/staging.vetanco.com\/es\/\",\"name\":\"Vetanco Argentina\",\"description\":\"Productos Seguros para Alimentos Seguros\",\"potentialAction\":[{\"@type\":\"SearchAction\",\"target\":{\"@type\":\"EntryPoint\",\"urlTemplate\":\"https:\/\/staging.vetanco.com\/es\/?s={search_term_string}\"},\"query-input\":{\"@type\":\"PropertyValueSpecification\",\"valueRequired\":true,\"valueName\":\"search_term_string\"}}],\"inLanguage\":\"es-ES\"}]}<\/script>\n<!-- \/ Yoast SEO plugin. -->","yoast_head_json":{"title":"ATRAFIX\u00ae - Vetanco Argentina","description":"Producto de la l\u00ednea Vetanco para el control de garrapatas de uso t\u00f3pico (inmersi\u00f3n).\u00a0Para limpieza de tropa, realizar 2 ba\u00f1os con intervalo de 9 d\u00edas.","robots":{"index":"index","follow":"follow","max-snippet":"max-snippet:-1","max-image-preview":"max-image-preview:large","max-video-preview":"max-video-preview:-1"},"canonical":"https:\/\/staging.vetanco.com\/es\/producto\/atrafix\/","og_locale":"es_ES","og_type":"article","og_title":"ATRAFIX\u00ae - Vetanco Argentina","og_description":"Producto de la l\u00ednea Vetanco para el control de garrapatas de uso t\u00f3pico (inmersi\u00f3n).\u00a0Para limpieza de tropa, realizar 2 ba\u00f1os con intervalo de 9 d\u00edas.","og_url":"https:\/\/staging.vetanco.com\/es\/producto\/atrafix\/","og_site_name":"Vetanco Argentina","article_modified_time":"2026-01-05T14:55:57+00:00","og_image":[{"width":800,"height":800,"url":"https:\/\/staging.vetanco.com\/es\/wp-content\/uploads\/2024\/10\/Atrafix.png","type":"image\/png"}],"twitter_card":"summary_large_image","twitter_misc":{"Est. reading time":"1 minute"},"schema":{"@context":"https:\/\/schema.org","@graph":[{"@type":"WebPage","@id":"https:\/\/staging.vetanco.com\/es\/producto\/atrafix\/","url":"https:\/\/staging.vetanco.com\/es\/producto\/atrafix\/","name":"ATRAFIX\u00ae - Vetanco Argentina","isPartOf":{"@id":"https:\/\/staging.vetanco.com\/es\/#website"},"primaryImageOfPage":{"@id":"https:\/\/staging.vetanco.com\/es\/producto\/atrafix\/#primaryimage"},"image":{"@id":"https:\/\/staging.vetanco.com\/es\/producto\/atrafix\/#primaryimage"},"thumbnailUrl":"https:\/\/staging.vetanco.com\/es\/wp-content\/uploads\/2024\/10\/Atrafix.png","datePublished":"2024-10-14T13:11:09+00:00","dateModified":"2026-01-05T14:55:57+00:00","description":"Producto de la l\u00ednea Vetanco para el control de garrapatas de uso t\u00f3pico (inmersi\u00f3n).\u00a0Para limpieza de tropa, realizar 2 ba\u00f1os con intervalo de 9 d\u00edas.","breadcrumb":{"@id":"https:\/\/staging.vetanco.com\/es\/producto\/atrafix\/#breadcrumb"},"inLanguage":"es-ES","potentialAction":[{"@type":"ReadAction","target":["https:\/\/staging.vetanco.com\/es\/producto\/atrafix\/"]}]},{"@type":"ImageObject","inLanguage":"es-ES","@id":"https:\/\/staging.vetanco.com\/es\/producto\/atrafix\/#primaryimage","url":"https:\/\/staging.vetanco.com\/es\/wp-content\/uploads\/2024\/10\/Atrafix.png","contentUrl":"https:\/\/staging.vetanco.com\/es\/wp-content\/uploads\/2024\/10\/Atrafix.png","width":800,"height":800},{"@type":"BreadcrumbList","@id":"https:\/\/staging.vetanco.com\/es\/producto\/atrafix\/#breadcrumb","itemListElement":[{"@type":"ListItem","position":1,"name":"In\u00edcio","item":"https:\/\/staging.vetanco.com\/es\/"},{"@type":"ListItem","position":2,"name":"Productos","item":"https:\/\/staging.vetanco.com\/es\/productos\/"},{"@type":"ListItem","position":3,"name":"ATRAFIX\u00ae"}]},{"@type":"WebSite","@id":"https:\/\/staging.vetanco.com\/es\/#website","url":"https:\/\/staging.vetanco.com\/es\/","name":"Vetanco Argentina","description":"Productos Seguros para Alimentos Seguros","potentialAction":[{"@type":"SearchAction","target":{"@type":"EntryPoint","urlTemplate":"https:\/\/staging.vetanco.com\/es\/?s={search_term_string}"},"query-input":{"@type":"PropertyValueSpecification","valueRequired":true,"valueName":"search_term_string"}}],"inLanguage":"es-ES"}]}},"_links":{"self":[{"href":"https:\/\/staging.vetanco.com\/es\/wp-json\/wp\/v2\/product\/11311","targetHints":{"allow":["GET"]}}],"collection":[{"href":"https:\/\/staging.vetanco.com\/es\/wp-json\/wp\/v2\/product"}],"about":[{"href":"https:\/\/staging.vetanco.com\/es\/wp-json\/wp\/v2\/types\/product"}],"replies":[{"embeddable":true,"href":"https:\/\/staging.vetanco.com\/es\/wp-json\/wp\/v2\/comments?post=11311"}],"wp:featuredmedia":[{"embeddable":true,"href":"https:\/\/staging.vetanco.com\/es\/wp-json\/wp\/v2\/media\/13827"}],"wp:attachment":[{"href":"https:\/\/staging.vetanco.com\/es\/wp-json\/wp\/v2\/media?parent=11311"}],"wp:term":[{"taxonomy":"product_brand","embeddable":true,"href":"https:\/\/staging.vetanco.com\/es\/wp-json\/wp\/v2\/product_brand?post=11311"},{"taxonomy":"product_cat","embeddable":true,"href":"https:\/\/staging.vetanco.com\/es\/wp-json\/wp\/v2\/product_cat?post=11311"},{"taxonomy":"product_tag","embeddable":true,"href":"https:\/\/staging.vetanco.com\/es\/wp-json\/wp\/v2\/product_tag?post=11311"}],"curies":[{"name":"wp","href":"https:\/\/api.w.org\/{rel}","templated":true}]}}