{"id":11342,"date":"2024-10-14T14:17:24","date_gmt":"2024-10-14T17:17:24","guid":{"rendered":"https:\/\/staging.vetanco.com\/es\/?post_type=product&#038;p=11342"},"modified":"2026-01-05T15:25:26","modified_gmt":"2026-01-05T18:25:26","slug":"block-feedlot-3-combinada","status":"publish","type":"product","link":"https:\/\/staging.vetanco.com\/es\/producto\/block-feedlot-3-combinada\/","title":{"rendered":"BLOCK<sup>\u00ae<\/sup> FEEDLOT 3 \u2013 COMBINADA"},"content":{"rendered":"<div class=\"info-box\">\n<h3><span style=\"color: #00397f;\">COMPOSICI\u00d3N<\/span><\/h3>\n<p>Cultivos inactivados del virus de la IBR, BVD, PI3 y bacteria de <i>Pasteurella, Mannheimia, Haemophilu y Moraxella<\/i>. Adyuvante oleoso en doble emulsi\u00f3n.\n<\/div>\n<div class=\"info-box\">\n<h3><span style=\"color: #00397f;\">DOSIS<\/span><\/h3>\n<p>5 ml por v\u00eda subcut\u00e1nea a partir de los 3 meses de edad. Aplicar dos dosis con 30 d\u00edas de intervalo en la primoinoculaci\u00f3n. Revacunar anualmente con una sola dosis.\n<\/p>\n<\/div>\n<div class=\"info-box\">\n<h3><span style=\"color: #00397f;\">PRESENTACI\u00d3N<\/span><\/h3>\n<p>250 ml (50 dosis).\n<\/p>\n<\/div>\n","protected":false},"excerpt":{"rendered":"<p><img loading=\"lazy\" decoding=\"async\" class=\"alignnone size-full wp-image-11183\" src=\"https:\/\/staging.vetanco.com\/wp-content\/uploads\/2024\/10\/Picto-Bovinos.png\" alt=\"\" width=\"75\" height=\"63\" \/><\/p>\n<p><span style=\"font-weight: 400;\">Prevenci\u00f3n de cuadros respiratorios y oculares producidos por los virus de IBR, BVD y PI3 y bacterias asociadas.<\/span><\/p>\n","protected":false},"featured_media":13832,"comment_status":"open","ping_status":"closed","template":"","meta":[],"product_brand":[],"product_cat":[21],"product_tag":[],"class_list":{"0":"post-11342","1":"product","2":"type-product","3":"status-publish","4":"has-post-thumbnail","6":"product_cat-bovinos","8":"first","9":"instock","10":"shipping-taxable","11":"product-type-simple"},"yoast_head":"<!-- This site is optimized with the Yoast SEO plugin v25.2 - https:\/\/yoast.com\/wordpress\/plugins\/seo\/ -->\n<title>BLOCK\u00ae FEEDLOT 3 \u2013 COMBINADA - Vetanco Argentina<\/title>\n<meta name=\"description\" content=\"Prevenci\u00f3n de cuadros respiratorios y oculares producidos por los virus de IBR, BVD y PI3 y bacterias asociadas en Bovinos.\" \/>\n<meta name=\"robots\" content=\"index, follow, max-snippet:-1, max-image-preview:large, max-video-preview:-1\" \/>\n<link rel=\"canonical\" href=\"https:\/\/staging.vetanco.com\/es\/producto\/block-feedlot-3-combinada\/\" \/>\n<meta property=\"og:locale\" content=\"es_ES\" \/>\n<meta property=\"og:type\" content=\"article\" \/>\n<meta property=\"og:title\" content=\"BLOCK\u00ae FEEDLOT 3 \u2013 COMBINADA - Vetanco Argentina\" \/>\n<meta property=\"og:description\" content=\"Prevenci\u00f3n de cuadros respiratorios y oculares producidos por los virus de IBR, BVD y PI3 y bacterias asociadas en Bovinos.\" \/>\n<meta property=\"og:url\" content=\"https:\/\/staging.vetanco.com\/es\/producto\/block-feedlot-3-combinada\/\" \/>\n<meta property=\"og:site_name\" content=\"Vetanco Argentina\" \/>\n<meta property=\"article:modified_time\" content=\"2026-01-05T18:25:26+00:00\" \/>\n<meta property=\"og:image\" content=\"https:\/\/staging.vetanco.com\/es\/wp-content\/uploads\/2024\/10\/Block-FL3-Combinada-1.png\" \/>\n\t<meta property=\"og:image:width\" content=\"800\" \/>\n\t<meta property=\"og:image:height\" content=\"800\" \/>\n\t<meta property=\"og:image:type\" content=\"image\/png\" \/>\n<meta name=\"twitter:card\" content=\"summary_large_image\" \/>\n<meta name=\"twitter:label1\" content=\"Est. reading time\" \/>\n\t<meta name=\"twitter:data1\" content=\"1 minute\" \/>\n<script type=\"application\/ld+json\" class=\"yoast-schema-graph\">{\"@context\":\"https:\/\/schema.org\",\"@graph\":[{\"@type\":\"WebPage\",\"@id\":\"https:\/\/staging.vetanco.com\/es\/producto\/block-feedlot-3-combinada\/\",\"url\":\"https:\/\/staging.vetanco.com\/es\/producto\/block-feedlot-3-combinada\/\",\"name\":\"BLOCK\u00ae FEEDLOT 3 \u2013 COMBINADA - Vetanco Argentina\",\"isPartOf\":{\"@id\":\"https:\/\/staging.vetanco.com\/es\/#website\"},\"primaryImageOfPage\":{\"@id\":\"https:\/\/staging.vetanco.com\/es\/producto\/block-feedlot-3-combinada\/#primaryimage\"},\"image\":{\"@id\":\"https:\/\/staging.vetanco.com\/es\/producto\/block-feedlot-3-combinada\/#primaryimage\"},\"thumbnailUrl\":\"https:\/\/staging.vetanco.com\/es\/wp-content\/uploads\/2024\/10\/Block-FL3-Combinada-1.png\",\"datePublished\":\"2024-10-14T17:17:24+00:00\",\"dateModified\":\"2026-01-05T18:25:26+00:00\",\"description\":\"Prevenci\u00f3n de cuadros respiratorios y oculares producidos por los virus de IBR, BVD y PI3 y bacterias asociadas en Bovinos.\",\"breadcrumb\":{\"@id\":\"https:\/\/staging.vetanco.com\/es\/producto\/block-feedlot-3-combinada\/#breadcrumb\"},\"inLanguage\":\"es-ES\",\"potentialAction\":[{\"@type\":\"ReadAction\",\"target\":[\"https:\/\/staging.vetanco.com\/es\/producto\/block-feedlot-3-combinada\/\"]}]},{\"@type\":\"ImageObject\",\"inLanguage\":\"es-ES\",\"@id\":\"https:\/\/staging.vetanco.com\/es\/producto\/block-feedlot-3-combinada\/#primaryimage\",\"url\":\"https:\/\/staging.vetanco.com\/es\/wp-content\/uploads\/2024\/10\/Block-FL3-Combinada-1.png\",\"contentUrl\":\"https:\/\/staging.vetanco.com\/es\/wp-content\/uploads\/2024\/10\/Block-FL3-Combinada-1.png\",\"width\":800,\"height\":800},{\"@type\":\"BreadcrumbList\",\"@id\":\"https:\/\/staging.vetanco.com\/es\/producto\/block-feedlot-3-combinada\/#breadcrumb\",\"itemListElement\":[{\"@type\":\"ListItem\",\"position\":1,\"name\":\"In\u00edcio\",\"item\":\"https:\/\/staging.vetanco.com\/es\/\"},{\"@type\":\"ListItem\",\"position\":2,\"name\":\"Productos\",\"item\":\"https:\/\/staging.vetanco.com\/es\/productos\/\"},{\"@type\":\"ListItem\",\"position\":3,\"name\":\"BLOCK\u00ae FEEDLOT 3 \u2013 COMBINADA\"}]},{\"@type\":\"WebSite\",\"@id\":\"https:\/\/staging.vetanco.com\/es\/#website\",\"url\":\"https:\/\/staging.vetanco.com\/es\/\",\"name\":\"Vetanco Argentina\",\"description\":\"Productos Seguros para Alimentos Seguros\",\"potentialAction\":[{\"@type\":\"SearchAction\",\"target\":{\"@type\":\"EntryPoint\",\"urlTemplate\":\"https:\/\/staging.vetanco.com\/es\/?s={search_term_string}\"},\"query-input\":{\"@type\":\"PropertyValueSpecification\",\"valueRequired\":true,\"valueName\":\"search_term_string\"}}],\"inLanguage\":\"es-ES\"}]}<\/script>\n<!-- \/ Yoast SEO plugin. -->","yoast_head_json":{"title":"BLOCK\u00ae FEEDLOT 3 \u2013 COMBINADA - Vetanco Argentina","description":"Prevenci\u00f3n de cuadros respiratorios y oculares producidos por los virus de IBR, BVD y PI3 y bacterias asociadas en Bovinos.","robots":{"index":"index","follow":"follow","max-snippet":"max-snippet:-1","max-image-preview":"max-image-preview:large","max-video-preview":"max-video-preview:-1"},"canonical":"https:\/\/staging.vetanco.com\/es\/producto\/block-feedlot-3-combinada\/","og_locale":"es_ES","og_type":"article","og_title":"BLOCK\u00ae FEEDLOT 3 \u2013 COMBINADA - Vetanco Argentina","og_description":"Prevenci\u00f3n de cuadros respiratorios y oculares producidos por los virus de IBR, BVD y PI3 y bacterias asociadas en Bovinos.","og_url":"https:\/\/staging.vetanco.com\/es\/producto\/block-feedlot-3-combinada\/","og_site_name":"Vetanco Argentina","article_modified_time":"2026-01-05T18:25:26+00:00","og_image":[{"width":800,"height":800,"url":"https:\/\/staging.vetanco.com\/es\/wp-content\/uploads\/2024\/10\/Block-FL3-Combinada-1.png","type":"image\/png"}],"twitter_card":"summary_large_image","twitter_misc":{"Est. reading time":"1 minute"},"schema":{"@context":"https:\/\/schema.org","@graph":[{"@type":"WebPage","@id":"https:\/\/staging.vetanco.com\/es\/producto\/block-feedlot-3-combinada\/","url":"https:\/\/staging.vetanco.com\/es\/producto\/block-feedlot-3-combinada\/","name":"BLOCK\u00ae FEEDLOT 3 \u2013 COMBINADA - Vetanco Argentina","isPartOf":{"@id":"https:\/\/staging.vetanco.com\/es\/#website"},"primaryImageOfPage":{"@id":"https:\/\/staging.vetanco.com\/es\/producto\/block-feedlot-3-combinada\/#primaryimage"},"image":{"@id":"https:\/\/staging.vetanco.com\/es\/producto\/block-feedlot-3-combinada\/#primaryimage"},"thumbnailUrl":"https:\/\/staging.vetanco.com\/es\/wp-content\/uploads\/2024\/10\/Block-FL3-Combinada-1.png","datePublished":"2024-10-14T17:17:24+00:00","dateModified":"2026-01-05T18:25:26+00:00","description":"Prevenci\u00f3n de cuadros respiratorios y oculares producidos por los virus de IBR, BVD y PI3 y bacterias asociadas en Bovinos.","breadcrumb":{"@id":"https:\/\/staging.vetanco.com\/es\/producto\/block-feedlot-3-combinada\/#breadcrumb"},"inLanguage":"es-ES","potentialAction":[{"@type":"ReadAction","target":["https:\/\/staging.vetanco.com\/es\/producto\/block-feedlot-3-combinada\/"]}]},{"@type":"ImageObject","inLanguage":"es-ES","@id":"https:\/\/staging.vetanco.com\/es\/producto\/block-feedlot-3-combinada\/#primaryimage","url":"https:\/\/staging.vetanco.com\/es\/wp-content\/uploads\/2024\/10\/Block-FL3-Combinada-1.png","contentUrl":"https:\/\/staging.vetanco.com\/es\/wp-content\/uploads\/2024\/10\/Block-FL3-Combinada-1.png","width":800,"height":800},{"@type":"BreadcrumbList","@id":"https:\/\/staging.vetanco.com\/es\/producto\/block-feedlot-3-combinada\/#breadcrumb","itemListElement":[{"@type":"ListItem","position":1,"name":"In\u00edcio","item":"https:\/\/staging.vetanco.com\/es\/"},{"@type":"ListItem","position":2,"name":"Productos","item":"https:\/\/staging.vetanco.com\/es\/productos\/"},{"@type":"ListItem","position":3,"name":"BLOCK\u00ae FEEDLOT 3 \u2013 COMBINADA"}]},{"@type":"WebSite","@id":"https:\/\/staging.vetanco.com\/es\/#website","url":"https:\/\/staging.vetanco.com\/es\/","name":"Vetanco Argentina","description":"Productos Seguros para Alimentos Seguros","potentialAction":[{"@type":"SearchAction","target":{"@type":"EntryPoint","urlTemplate":"https:\/\/staging.vetanco.com\/es\/?s={search_term_string}"},"query-input":{"@type":"PropertyValueSpecification","valueRequired":true,"valueName":"search_term_string"}}],"inLanguage":"es-ES"}]}},"_links":{"self":[{"href":"https:\/\/staging.vetanco.com\/es\/wp-json\/wp\/v2\/product\/11342","targetHints":{"allow":["GET"]}}],"collection":[{"href":"https:\/\/staging.vetanco.com\/es\/wp-json\/wp\/v2\/product"}],"about":[{"href":"https:\/\/staging.vetanco.com\/es\/wp-json\/wp\/v2\/types\/product"}],"replies":[{"embeddable":true,"href":"https:\/\/staging.vetanco.com\/es\/wp-json\/wp\/v2\/comments?post=11342"}],"wp:featuredmedia":[{"embeddable":true,"href":"https:\/\/staging.vetanco.com\/es\/wp-json\/wp\/v2\/media\/13832"}],"wp:attachment":[{"href":"https:\/\/staging.vetanco.com\/es\/wp-json\/wp\/v2\/media?parent=11342"}],"wp:term":[{"taxonomy":"product_brand","embeddable":true,"href":"https:\/\/staging.vetanco.com\/es\/wp-json\/wp\/v2\/product_brand?post=11342"},{"taxonomy":"product_cat","embeddable":true,"href":"https:\/\/staging.vetanco.com\/es\/wp-json\/wp\/v2\/product_cat?post=11342"},{"taxonomy":"product_tag","embeddable":true,"href":"https:\/\/staging.vetanco.com\/es\/wp-json\/wp\/v2\/product_tag?post=11342"}],"curies":[{"name":"wp","href":"https:\/\/api.w.org\/{rel}","templated":true}]}}