{"id":11396,"date":"2024-11-21T07:47:18","date_gmt":"2024-11-21T13:47:18","guid":{"rendered":"https:\/\/staging.vetanco.com\/mx\/?post_type=product&#038;p=11396"},"modified":"2026-02-02T07:33:56","modified_gmt":"2026-02-02T13:33:56","slug":"vetancid-polvo-a","status":"publish","type":"product","link":"https:\/\/staging.vetanco.com\/mx\/produto\/vetancid-polvo-a\/","title":{"rendered":"VETANCID<sup>\u00ae<\/sup> POLVO A"},"content":{"rendered":"<div class=\"info-box\">\n<h3><span style=\"color: #00397f;\">COMPOSICI\u00d3N B\u00c1SICA<\/span><\/h3>\n<p>Cipermetrina y excipientes.\n<\/p>\n<\/div>\n<div class=\"info-box\">\n<h3><span style=\"color: #00397f;\">DOSIS<\/span><\/h3>\n<p>El producto debe aplicarse mediante espolvoreo, en una dosis de 3 a 5 g de <b>VETANCID<sup>\u00ae<\/sup> POLVO A<\/b> por m<sup>2<\/sup> de \u00e1rea \u00e1vicola, extendiendo el producto sobre las superficies de las instalaciones av\u00edcolas mediante espolvoreador manual o atomizador de mochila.<\/p>\n<p>El tratamiento debe realizarse preferentemente en la cama, de 1 a 2 d\u00edas antes de la entrada de un nuevo lote de aves.<\/p>\n<p>Dependiendo de la infestaci\u00f3n, la aplicaci\u00f3n se puede repetir al final del lote, inmediatamente despu\u00e9s de la salida de las aves, o seg\u00fan recomendaciones del M\u00e9dico Veterinario responsable.\n<\/p>\n<\/div>\n<div class=\"info-box\">\n<h3><span style=\"color: #00397f;\">PER\u00cdODO DE RETIRO<\/span><\/h3>\n<p><b>VETANCID<sup>\u00ae<\/sup> POLVO A<\/b> no tiene per\u00edodo de retiro.\n<\/div>\n<div class=\"info-box\">\n<h3><span style=\"color: #00397f;\">PRESENTACI\u00d3N<\/span><\/h3>\n<p>Bolsa de 5 kgs.\n<\/p>\n<\/div>\n","protected":false},"excerpt":{"rendered":"<p><img loading=\"lazy\" decoding=\"async\" class=\"alignnone size-full wp-image-11133\" src=\"https:\/\/staging.vetanco.com\/wp-content\/uploads\/2024\/11\/Picto-Ambiental.png\" alt=\"\" width=\"75\" height=\"63\" \/> <img loading=\"lazy\" decoding=\"async\" class=\"alignnone size-full wp-image-11105\" src=\"https:\/\/staging.vetanco.com\/wp-content\/uploads\/2024\/11\/Picto-Aves-1.png\" alt=\"\" width=\"75\" height=\"63\" \/><\/p>\n<p><strong>VETANCID\u00ae POLVO A<\/strong> est\u00e1 indicado como insecticida y repelente de insectos, para el control de escarabajos de las especies <em>Alphitobius diaperinus y Alphitobius piceus<\/em> (gusanos de la harina) en instalaciones destinadas a la cr\u00eda de aves.<\/p>\n","protected":false},"featured_media":12963,"comment_status":"open","ping_status":"closed","template":"","meta":[],"product_brand":[],"product_cat":[321],"product_tag":[],"class_list":{"0":"post-11396","1":"product","2":"type-product","3":"status-publish","4":"has-post-thumbnail","6":"product_cat-desinfectantes-y-biocidas","8":"first","9":"instock","10":"shipping-taxable","11":"product-type-simple"},"yoast_head":"<!-- This site is optimized with the Yoast SEO plugin v25.2 - https:\/\/yoast.com\/wordpress\/plugins\/seo\/ -->\n<title>VETANCID\u00ae POLVO A - Vetanco Mexico<\/title>\n<meta name=\"description\" content=\"Producto de la l\u00ednea Vetanco, Insecticida y repelente de insectos de acci\u00f3n prolongada y biodegradable, para uso en instalaciones de cr\u00eda de aves.\" \/>\n<meta name=\"robots\" content=\"index, follow, max-snippet:-1, max-image-preview:large, max-video-preview:-1\" \/>\n<link rel=\"canonical\" href=\"https:\/\/staging.vetanco.com\/mx\/produto\/vetancid-polvo-a\/\" \/>\n<meta property=\"og:locale\" content=\"es_ES\" \/>\n<meta property=\"og:type\" content=\"article\" \/>\n<meta property=\"og:title\" content=\"VETANCID\u00ae POLVO A - Vetanco Mexico\" \/>\n<meta property=\"og:description\" content=\"Producto de la l\u00ednea Vetanco, Insecticida y repelente de insectos de acci\u00f3n prolongada y biodegradable, para uso en instalaciones de cr\u00eda de aves.\" \/>\n<meta property=\"og:url\" content=\"https:\/\/staging.vetanco.com\/mx\/produto\/vetancid-polvo-a\/\" \/>\n<meta property=\"og:site_name\" content=\"Vetanco Mexico\" \/>\n<meta property=\"article:modified_time\" content=\"2026-02-02T13:33:56+00:00\" \/>\n<meta property=\"og:image\" content=\"https:\/\/staging.vetanco.com\/mx\/wp-content\/uploads\/2024\/11\/Vetancid-Polvo-A-510x510-1-1.png\" \/>\n\t<meta property=\"og:image:width\" content=\"510\" \/>\n\t<meta property=\"og:image:height\" content=\"510\" \/>\n\t<meta property=\"og:image:type\" content=\"image\/png\" \/>\n<meta name=\"twitter:card\" content=\"summary_large_image\" \/>\n<meta name=\"twitter:label1\" content=\"Est. reading time\" \/>\n\t<meta name=\"twitter:data1\" content=\"1 minute\" \/>\n<script type=\"application\/ld+json\" class=\"yoast-schema-graph\">{\"@context\":\"https:\/\/schema.org\",\"@graph\":[{\"@type\":\"WebPage\",\"@id\":\"https:\/\/staging.vetanco.com\/mx\/produto\/vetancid-polvo-a\/\",\"url\":\"https:\/\/staging.vetanco.com\/mx\/produto\/vetancid-polvo-a\/\",\"name\":\"VETANCID\u00ae POLVO A - Vetanco Mexico\",\"isPartOf\":{\"@id\":\"https:\/\/staging.vetanco.com\/mx\/#website\"},\"primaryImageOfPage\":{\"@id\":\"https:\/\/staging.vetanco.com\/mx\/produto\/vetancid-polvo-a\/#primaryimage\"},\"image\":{\"@id\":\"https:\/\/staging.vetanco.com\/mx\/produto\/vetancid-polvo-a\/#primaryimage\"},\"thumbnailUrl\":\"https:\/\/staging.vetanco.com\/mx\/wp-content\/uploads\/2024\/11\/Vetancid-Polvo-A-510x510-1-1.png\",\"datePublished\":\"2024-11-21T13:47:18+00:00\",\"dateModified\":\"2026-02-02T13:33:56+00:00\",\"description\":\"Producto de la l\u00ednea Vetanco, Insecticida y repelente de insectos de acci\u00f3n prolongada y biodegradable, para uso en instalaciones de cr\u00eda de aves.\",\"breadcrumb\":{\"@id\":\"https:\/\/staging.vetanco.com\/mx\/produto\/vetancid-polvo-a\/#breadcrumb\"},\"inLanguage\":\"es-ES\",\"potentialAction\":[{\"@type\":\"ReadAction\",\"target\":[\"https:\/\/staging.vetanco.com\/mx\/produto\/vetancid-polvo-a\/\"]}]},{\"@type\":\"ImageObject\",\"inLanguage\":\"es-ES\",\"@id\":\"https:\/\/staging.vetanco.com\/mx\/produto\/vetancid-polvo-a\/#primaryimage\",\"url\":\"https:\/\/staging.vetanco.com\/mx\/wp-content\/uploads\/2024\/11\/Vetancid-Polvo-A-510x510-1-1.png\",\"contentUrl\":\"https:\/\/staging.vetanco.com\/mx\/wp-content\/uploads\/2024\/11\/Vetancid-Polvo-A-510x510-1-1.png\",\"width\":510,\"height\":510},{\"@type\":\"BreadcrumbList\",\"@id\":\"https:\/\/staging.vetanco.com\/mx\/produto\/vetancid-polvo-a\/#breadcrumb\",\"itemListElement\":[{\"@type\":\"ListItem\",\"position\":1,\"name\":\"In\u00edcio\",\"item\":\"https:\/\/staging.vetanco.com\/mx\/\"},{\"@type\":\"ListItem\",\"position\":2,\"name\":\"Productos\",\"item\":\"https:\/\/staging.vetanco.com\/mx\/productos\/\"},{\"@type\":\"ListItem\",\"position\":3,\"name\":\"VETANCID\u00ae POLVO A\"}]},{\"@type\":\"WebSite\",\"@id\":\"https:\/\/staging.vetanco.com\/mx\/#website\",\"url\":\"https:\/\/staging.vetanco.com\/mx\/\",\"name\":\"Vetanco Mexico\",\"description\":\"Productos Seguros para Alimentos Seguros\",\"potentialAction\":[{\"@type\":\"SearchAction\",\"target\":{\"@type\":\"EntryPoint\",\"urlTemplate\":\"https:\/\/staging.vetanco.com\/mx\/?s={search_term_string}\"},\"query-input\":{\"@type\":\"PropertyValueSpecification\",\"valueRequired\":true,\"valueName\":\"search_term_string\"}}],\"inLanguage\":\"es-ES\"}]}<\/script>\n<!-- \/ Yoast SEO plugin. -->","yoast_head_json":{"title":"VETANCID\u00ae POLVO A - Vetanco Mexico","description":"Producto de la l\u00ednea Vetanco, Insecticida y repelente de insectos de acci\u00f3n prolongada y biodegradable, para uso en instalaciones de cr\u00eda de aves.","robots":{"index":"index","follow":"follow","max-snippet":"max-snippet:-1","max-image-preview":"max-image-preview:large","max-video-preview":"max-video-preview:-1"},"canonical":"https:\/\/staging.vetanco.com\/mx\/produto\/vetancid-polvo-a\/","og_locale":"es_ES","og_type":"article","og_title":"VETANCID\u00ae POLVO A - Vetanco Mexico","og_description":"Producto de la l\u00ednea Vetanco, Insecticida y repelente de insectos de acci\u00f3n prolongada y biodegradable, para uso en instalaciones de cr\u00eda de aves.","og_url":"https:\/\/staging.vetanco.com\/mx\/produto\/vetancid-polvo-a\/","og_site_name":"Vetanco Mexico","article_modified_time":"2026-02-02T13:33:56+00:00","og_image":[{"width":510,"height":510,"url":"https:\/\/staging.vetanco.com\/mx\/wp-content\/uploads\/2024\/11\/Vetancid-Polvo-A-510x510-1-1.png","type":"image\/png"}],"twitter_card":"summary_large_image","twitter_misc":{"Est. reading time":"1 minute"},"schema":{"@context":"https:\/\/schema.org","@graph":[{"@type":"WebPage","@id":"https:\/\/staging.vetanco.com\/mx\/produto\/vetancid-polvo-a\/","url":"https:\/\/staging.vetanco.com\/mx\/produto\/vetancid-polvo-a\/","name":"VETANCID\u00ae POLVO A - Vetanco Mexico","isPartOf":{"@id":"https:\/\/staging.vetanco.com\/mx\/#website"},"primaryImageOfPage":{"@id":"https:\/\/staging.vetanco.com\/mx\/produto\/vetancid-polvo-a\/#primaryimage"},"image":{"@id":"https:\/\/staging.vetanco.com\/mx\/produto\/vetancid-polvo-a\/#primaryimage"},"thumbnailUrl":"https:\/\/staging.vetanco.com\/mx\/wp-content\/uploads\/2024\/11\/Vetancid-Polvo-A-510x510-1-1.png","datePublished":"2024-11-21T13:47:18+00:00","dateModified":"2026-02-02T13:33:56+00:00","description":"Producto de la l\u00ednea Vetanco, Insecticida y repelente de insectos de acci\u00f3n prolongada y biodegradable, para uso en instalaciones de cr\u00eda de aves.","breadcrumb":{"@id":"https:\/\/staging.vetanco.com\/mx\/produto\/vetancid-polvo-a\/#breadcrumb"},"inLanguage":"es-ES","potentialAction":[{"@type":"ReadAction","target":["https:\/\/staging.vetanco.com\/mx\/produto\/vetancid-polvo-a\/"]}]},{"@type":"ImageObject","inLanguage":"es-ES","@id":"https:\/\/staging.vetanco.com\/mx\/produto\/vetancid-polvo-a\/#primaryimage","url":"https:\/\/staging.vetanco.com\/mx\/wp-content\/uploads\/2024\/11\/Vetancid-Polvo-A-510x510-1-1.png","contentUrl":"https:\/\/staging.vetanco.com\/mx\/wp-content\/uploads\/2024\/11\/Vetancid-Polvo-A-510x510-1-1.png","width":510,"height":510},{"@type":"BreadcrumbList","@id":"https:\/\/staging.vetanco.com\/mx\/produto\/vetancid-polvo-a\/#breadcrumb","itemListElement":[{"@type":"ListItem","position":1,"name":"In\u00edcio","item":"https:\/\/staging.vetanco.com\/mx\/"},{"@type":"ListItem","position":2,"name":"Productos","item":"https:\/\/staging.vetanco.com\/mx\/productos\/"},{"@type":"ListItem","position":3,"name":"VETANCID\u00ae POLVO A"}]},{"@type":"WebSite","@id":"https:\/\/staging.vetanco.com\/mx\/#website","url":"https:\/\/staging.vetanco.com\/mx\/","name":"Vetanco Mexico","description":"Productos Seguros para Alimentos Seguros","potentialAction":[{"@type":"SearchAction","target":{"@type":"EntryPoint","urlTemplate":"https:\/\/staging.vetanco.com\/mx\/?s={search_term_string}"},"query-input":{"@type":"PropertyValueSpecification","valueRequired":true,"valueName":"search_term_string"}}],"inLanguage":"es-ES"}]}},"_links":{"self":[{"href":"https:\/\/staging.vetanco.com\/mx\/wp-json\/wp\/v2\/product\/11396","targetHints":{"allow":["GET"]}}],"collection":[{"href":"https:\/\/staging.vetanco.com\/mx\/wp-json\/wp\/v2\/product"}],"about":[{"href":"https:\/\/staging.vetanco.com\/mx\/wp-json\/wp\/v2\/types\/product"}],"replies":[{"embeddable":true,"href":"https:\/\/staging.vetanco.com\/mx\/wp-json\/wp\/v2\/comments?post=11396"}],"wp:featuredmedia":[{"embeddable":true,"href":"https:\/\/staging.vetanco.com\/mx\/wp-json\/wp\/v2\/media\/12963"}],"wp:attachment":[{"href":"https:\/\/staging.vetanco.com\/mx\/wp-json\/wp\/v2\/media?parent=11396"}],"wp:term":[{"taxonomy":"product_brand","embeddable":true,"href":"https:\/\/staging.vetanco.com\/mx\/wp-json\/wp\/v2\/product_brand?post=11396"},{"taxonomy":"product_cat","embeddable":true,"href":"https:\/\/staging.vetanco.com\/mx\/wp-json\/wp\/v2\/product_cat?post=11396"},{"taxonomy":"product_tag","embeddable":true,"href":"https:\/\/staging.vetanco.com\/mx\/wp-json\/wp\/v2\/product_tag?post=11396"}],"curies":[{"name":"wp","href":"https:\/\/api.w.org\/{rel}","templated":true}]}}