{"id":11412,"date":"2024-11-21T10:35:57","date_gmt":"2024-11-21T16:35:57","guid":{"rendered":"https:\/\/staging.vetanco.com\/mx\/?post_type=product&#038;p=11412"},"modified":"2026-01-30T08:27:47","modified_gmt":"2026-01-30T14:27:47","slug":"di-heptarine-s-polvo","status":"publish","type":"product","link":"https:\/\/staging.vetanco.com\/mx\/produto\/di-heptarine-s-polvo\/","title":{"rendered":"DI HEPTARINE S<sup>\u00ae<\/sup> POLVO"},"content":{"rendered":"<div class=\"info-box\">\n<h3><span style=\"color: #00397f;\">COMPOSICI\u00d3N B\u00c1SICA<\/span><\/h3>\n<p>Silimarina fosf\u00e1tido 16%.<\/p>\n<\/div>\n<div class=\"info-box\">\n<h3><span style=\"color: #00397f;\">DOSIS<\/span><\/h3>\n<ul>\n<li><b>Preventivo:<\/b> 250-500 g\/ton de alimento.<\/li>\n<li><b>Terap\u00e9utico:<\/b> 750-1000 g\/ton de alimento.<\/li>\n<\/ul>\n<p>Seg\u00fan criterio del profesional Veterinario.<\/p>\n<\/div>\n<div class=\"info-box\">\n<h3><span style=\"color: #00397f;\">PRESENTACI\u00d3N<\/span><\/h3>\n<p>25 kgs.<\/p>\n<\/div>\n","protected":false},"excerpt":{"rendered":"<p><img loading=\"lazy\" decoding=\"async\" class=\"alignnone size-full wp-image-12303\" src=\"https:\/\/staging.vetanco.com\/mx\/wp-content\/uploads\/2025\/01\/Picto-Aves.png\" alt=\"\" width=\"75\" height=\"63\" \/><\/p>\n<p><strong>Antioxidante &#8211; Hepatoprotector.<\/strong><\/p>\n<p>Terapia y prevenci\u00f3n de alteraciones hep\u00e1ticas metab\u00f3licas (sobrealimentaci\u00f3n o ingesta de alto valor eneg\u00e9tico), provocadas por contaminaci\u00f3n del alimento con toxinas de origen vegetal o f\u00fangico, producidas por agentes virales o bacterianos o como resultado de tratamientos antiinfecciosos.<\/p>\n","protected":false},"featured_media":12954,"comment_status":"open","ping_status":"closed","template":"","meta":[],"product_brand":[],"product_cat":[325],"product_tag":[],"class_list":{"0":"post-11412","1":"product","2":"type-product","3":"status-publish","4":"has-post-thumbnail","6":"product_cat-reguladores-metabolicos","8":"first","9":"instock","10":"shipping-taxable","11":"product-type-simple"},"yoast_head":"<!-- This site is optimized with the Yoast SEO plugin v25.2 - https:\/\/yoast.com\/wordpress\/plugins\/seo\/ -->\n<title>DI HEPTARINE S\u00ae POLVO - Vetanco Mexico<\/title>\n<meta name=\"description\" content=\"Terapia y prevenci\u00f3n de alteraciones hep\u00e1ticas metab\u00f3licas (sobrealimentaci\u00f3n o ingesta de alto valor energ\u00e9tico), provocadas por contaminaci\u00f3n del alimento\" \/>\n<meta name=\"robots\" content=\"index, follow, max-snippet:-1, max-image-preview:large, max-video-preview:-1\" \/>\n<link rel=\"canonical\" href=\"https:\/\/staging.vetanco.com\/mx\/produto\/di-heptarine-s-polvo\/\" \/>\n<meta property=\"og:locale\" content=\"es_ES\" \/>\n<meta property=\"og:type\" content=\"article\" \/>\n<meta property=\"og:title\" content=\"DI HEPTARINE S\u00ae POLVO - Vetanco Mexico\" \/>\n<meta property=\"og:description\" content=\"Terapia y prevenci\u00f3n de alteraciones hep\u00e1ticas metab\u00f3licas (sobrealimentaci\u00f3n o ingesta de alto valor energ\u00e9tico), provocadas por contaminaci\u00f3n del alimento\" \/>\n<meta property=\"og:url\" content=\"https:\/\/staging.vetanco.com\/mx\/produto\/di-heptarine-s-polvo\/\" \/>\n<meta property=\"og:site_name\" content=\"Vetanco Mexico\" \/>\n<meta property=\"article:modified_time\" content=\"2026-01-30T14:27:47+00:00\" \/>\n<meta property=\"og:image\" content=\"https:\/\/staging.vetanco.com\/mx\/wp-content\/uploads\/2024\/11\/Di-Heptarine-S-800x800-1-510x510-1.webp\" \/>\n\t<meta property=\"og:image:width\" content=\"510\" \/>\n\t<meta property=\"og:image:height\" content=\"510\" \/>\n\t<meta property=\"og:image:type\" content=\"image\/webp\" \/>\n<meta name=\"twitter:card\" content=\"summary_large_image\" \/>\n<meta name=\"twitter:label1\" content=\"Est. reading time\" \/>\n\t<meta name=\"twitter:data1\" content=\"1 minute\" \/>\n<script type=\"application\/ld+json\" class=\"yoast-schema-graph\">{\"@context\":\"https:\/\/schema.org\",\"@graph\":[{\"@type\":\"WebPage\",\"@id\":\"https:\/\/staging.vetanco.com\/mx\/produto\/di-heptarine-s-polvo\/\",\"url\":\"https:\/\/staging.vetanco.com\/mx\/produto\/di-heptarine-s-polvo\/\",\"name\":\"DI HEPTARINE S\u00ae POLVO - Vetanco Mexico\",\"isPartOf\":{\"@id\":\"https:\/\/staging.vetanco.com\/mx\/#website\"},\"primaryImageOfPage\":{\"@id\":\"https:\/\/staging.vetanco.com\/mx\/produto\/di-heptarine-s-polvo\/#primaryimage\"},\"image\":{\"@id\":\"https:\/\/staging.vetanco.com\/mx\/produto\/di-heptarine-s-polvo\/#primaryimage\"},\"thumbnailUrl\":\"https:\/\/staging.vetanco.com\/mx\/wp-content\/uploads\/2024\/11\/Di-Heptarine-S-800x800-1-510x510-1.webp\",\"datePublished\":\"2024-11-21T16:35:57+00:00\",\"dateModified\":\"2026-01-30T14:27:47+00:00\",\"description\":\"Terapia y prevenci\u00f3n de alteraciones hep\u00e1ticas metab\u00f3licas (sobrealimentaci\u00f3n o ingesta de alto valor energ\u00e9tico), provocadas por contaminaci\u00f3n del alimento\",\"breadcrumb\":{\"@id\":\"https:\/\/staging.vetanco.com\/mx\/produto\/di-heptarine-s-polvo\/#breadcrumb\"},\"inLanguage\":\"es-ES\",\"potentialAction\":[{\"@type\":\"ReadAction\",\"target\":[\"https:\/\/staging.vetanco.com\/mx\/produto\/di-heptarine-s-polvo\/\"]}]},{\"@type\":\"ImageObject\",\"inLanguage\":\"es-ES\",\"@id\":\"https:\/\/staging.vetanco.com\/mx\/produto\/di-heptarine-s-polvo\/#primaryimage\",\"url\":\"https:\/\/staging.vetanco.com\/mx\/wp-content\/uploads\/2024\/11\/Di-Heptarine-S-800x800-1-510x510-1.webp\",\"contentUrl\":\"https:\/\/staging.vetanco.com\/mx\/wp-content\/uploads\/2024\/11\/Di-Heptarine-S-800x800-1-510x510-1.webp\",\"width\":510,\"height\":510},{\"@type\":\"BreadcrumbList\",\"@id\":\"https:\/\/staging.vetanco.com\/mx\/produto\/di-heptarine-s-polvo\/#breadcrumb\",\"itemListElement\":[{\"@type\":\"ListItem\",\"position\":1,\"name\":\"In\u00edcio\",\"item\":\"https:\/\/staging.vetanco.com\/mx\/\"},{\"@type\":\"ListItem\",\"position\":2,\"name\":\"Productos\",\"item\":\"https:\/\/staging.vetanco.com\/mx\/productos\/\"},{\"@type\":\"ListItem\",\"position\":3,\"name\":\"DI HEPTARINE S\u00ae POLVO\"}]},{\"@type\":\"WebSite\",\"@id\":\"https:\/\/staging.vetanco.com\/mx\/#website\",\"url\":\"https:\/\/staging.vetanco.com\/mx\/\",\"name\":\"Vetanco Mexico\",\"description\":\"Productos Seguros para Alimentos Seguros\",\"potentialAction\":[{\"@type\":\"SearchAction\",\"target\":{\"@type\":\"EntryPoint\",\"urlTemplate\":\"https:\/\/staging.vetanco.com\/mx\/?s={search_term_string}\"},\"query-input\":{\"@type\":\"PropertyValueSpecification\",\"valueRequired\":true,\"valueName\":\"search_term_string\"}}],\"inLanguage\":\"es-ES\"}]}<\/script>\n<!-- \/ Yoast SEO plugin. -->","yoast_head_json":{"title":"DI HEPTARINE S\u00ae POLVO - Vetanco Mexico","description":"Terapia y prevenci\u00f3n de alteraciones hep\u00e1ticas metab\u00f3licas (sobrealimentaci\u00f3n o ingesta de alto valor energ\u00e9tico), provocadas por contaminaci\u00f3n del alimento","robots":{"index":"index","follow":"follow","max-snippet":"max-snippet:-1","max-image-preview":"max-image-preview:large","max-video-preview":"max-video-preview:-1"},"canonical":"https:\/\/staging.vetanco.com\/mx\/produto\/di-heptarine-s-polvo\/","og_locale":"es_ES","og_type":"article","og_title":"DI HEPTARINE S\u00ae POLVO - Vetanco Mexico","og_description":"Terapia y prevenci\u00f3n de alteraciones hep\u00e1ticas metab\u00f3licas (sobrealimentaci\u00f3n o ingesta de alto valor energ\u00e9tico), provocadas por contaminaci\u00f3n del alimento","og_url":"https:\/\/staging.vetanco.com\/mx\/produto\/di-heptarine-s-polvo\/","og_site_name":"Vetanco Mexico","article_modified_time":"2026-01-30T14:27:47+00:00","og_image":[{"width":510,"height":510,"url":"https:\/\/staging.vetanco.com\/mx\/wp-content\/uploads\/2024\/11\/Di-Heptarine-S-800x800-1-510x510-1.webp","type":"image\/webp"}],"twitter_card":"summary_large_image","twitter_misc":{"Est. reading time":"1 minute"},"schema":{"@context":"https:\/\/schema.org","@graph":[{"@type":"WebPage","@id":"https:\/\/staging.vetanco.com\/mx\/produto\/di-heptarine-s-polvo\/","url":"https:\/\/staging.vetanco.com\/mx\/produto\/di-heptarine-s-polvo\/","name":"DI HEPTARINE S\u00ae POLVO - Vetanco Mexico","isPartOf":{"@id":"https:\/\/staging.vetanco.com\/mx\/#website"},"primaryImageOfPage":{"@id":"https:\/\/staging.vetanco.com\/mx\/produto\/di-heptarine-s-polvo\/#primaryimage"},"image":{"@id":"https:\/\/staging.vetanco.com\/mx\/produto\/di-heptarine-s-polvo\/#primaryimage"},"thumbnailUrl":"https:\/\/staging.vetanco.com\/mx\/wp-content\/uploads\/2024\/11\/Di-Heptarine-S-800x800-1-510x510-1.webp","datePublished":"2024-11-21T16:35:57+00:00","dateModified":"2026-01-30T14:27:47+00:00","description":"Terapia y prevenci\u00f3n de alteraciones hep\u00e1ticas metab\u00f3licas (sobrealimentaci\u00f3n o ingesta de alto valor energ\u00e9tico), provocadas por contaminaci\u00f3n del alimento","breadcrumb":{"@id":"https:\/\/staging.vetanco.com\/mx\/produto\/di-heptarine-s-polvo\/#breadcrumb"},"inLanguage":"es-ES","potentialAction":[{"@type":"ReadAction","target":["https:\/\/staging.vetanco.com\/mx\/produto\/di-heptarine-s-polvo\/"]}]},{"@type":"ImageObject","inLanguage":"es-ES","@id":"https:\/\/staging.vetanco.com\/mx\/produto\/di-heptarine-s-polvo\/#primaryimage","url":"https:\/\/staging.vetanco.com\/mx\/wp-content\/uploads\/2024\/11\/Di-Heptarine-S-800x800-1-510x510-1.webp","contentUrl":"https:\/\/staging.vetanco.com\/mx\/wp-content\/uploads\/2024\/11\/Di-Heptarine-S-800x800-1-510x510-1.webp","width":510,"height":510},{"@type":"BreadcrumbList","@id":"https:\/\/staging.vetanco.com\/mx\/produto\/di-heptarine-s-polvo\/#breadcrumb","itemListElement":[{"@type":"ListItem","position":1,"name":"In\u00edcio","item":"https:\/\/staging.vetanco.com\/mx\/"},{"@type":"ListItem","position":2,"name":"Productos","item":"https:\/\/staging.vetanco.com\/mx\/productos\/"},{"@type":"ListItem","position":3,"name":"DI HEPTARINE S\u00ae POLVO"}]},{"@type":"WebSite","@id":"https:\/\/staging.vetanco.com\/mx\/#website","url":"https:\/\/staging.vetanco.com\/mx\/","name":"Vetanco Mexico","description":"Productos Seguros para Alimentos Seguros","potentialAction":[{"@type":"SearchAction","target":{"@type":"EntryPoint","urlTemplate":"https:\/\/staging.vetanco.com\/mx\/?s={search_term_string}"},"query-input":{"@type":"PropertyValueSpecification","valueRequired":true,"valueName":"search_term_string"}}],"inLanguage":"es-ES"}]}},"_links":{"self":[{"href":"https:\/\/staging.vetanco.com\/mx\/wp-json\/wp\/v2\/product\/11412","targetHints":{"allow":["GET"]}}],"collection":[{"href":"https:\/\/staging.vetanco.com\/mx\/wp-json\/wp\/v2\/product"}],"about":[{"href":"https:\/\/staging.vetanco.com\/mx\/wp-json\/wp\/v2\/types\/product"}],"replies":[{"embeddable":true,"href":"https:\/\/staging.vetanco.com\/mx\/wp-json\/wp\/v2\/comments?post=11412"}],"wp:featuredmedia":[{"embeddable":true,"href":"https:\/\/staging.vetanco.com\/mx\/wp-json\/wp\/v2\/media\/12954"}],"wp:attachment":[{"href":"https:\/\/staging.vetanco.com\/mx\/wp-json\/wp\/v2\/media?parent=11412"}],"wp:term":[{"taxonomy":"product_brand","embeddable":true,"href":"https:\/\/staging.vetanco.com\/mx\/wp-json\/wp\/v2\/product_brand?post=11412"},{"taxonomy":"product_cat","embeddable":true,"href":"https:\/\/staging.vetanco.com\/mx\/wp-json\/wp\/v2\/product_cat?post=11412"},{"taxonomy":"product_tag","embeddable":true,"href":"https:\/\/staging.vetanco.com\/mx\/wp-json\/wp\/v2\/product_tag?post=11412"}],"curies":[{"name":"wp","href":"https:\/\/api.w.org\/{rel}","templated":true}]}}