{"id":11418,"date":"2024-11-21T11:59:21","date_gmt":"2024-11-21T17:59:21","guid":{"rendered":"https:\/\/staging.vetanco.com\/mx\/?post_type=product&#038;p=11418"},"modified":"2026-02-02T11:04:26","modified_gmt":"2026-02-02T17:04:26","slug":"vetribac-pig-doser","status":"publish","type":"product","link":"https:\/\/staging.vetanco.com\/mx\/produto\/vetribac-pig-doser\/","title":{"rendered":"VETRIBAC<sup>\u00ae<\/sup> DOSER"},"content":{"rendered":"<div class=\"info-box\">\n<h3><span style=\"color: #00397f;\">COMPOSICI\u00d3N B\u00c1SICA<\/span><\/h3>\n<p>Diclazuril 1,5%.\n<\/p>\n<\/div>\n<div class=\"info-box\">\n<h3><span style=\"color: #00397f;\">DOSIS<\/span><\/h3>\n<p><b><i>Lechones:<\/b><\/i> 2 ml por animal entre el 2\u00b0 y 5\u00b0 d\u00eda de vida.\n<\/div>\n<div class=\"info-box\">\n<h3><span style=\"color: #00397f;\">PRESENTACI\u00d3N<\/span><\/h3>\n<p>250 ml.\n<\/p>\n<\/div>\n","protected":false},"excerpt":{"rendered":"<p><img loading=\"lazy\" decoding=\"async\" class=\"alignnone size-full wp-image-11077\" src=\"https:\/\/staging.vetanco.com\/wp-content\/uploads\/2024\/11\/Picto-Cerdos.png\" alt=\"\" width=\"75\" height=\"63\" \/><\/p>\n<p>Control de coccidiosis causada por <em>Isospora suis.\u00a0<\/em>Por su exclusiva acci\u00f3n sobre la fase de reproducci\u00f3n sexual del par\u00e1sito (gametogonia) elimina todos los estadios en s\u00f3lo dos d\u00edas.<\/p>\n","protected":false},"featured_media":12964,"comment_status":"open","ping_status":"closed","template":"","meta":[],"product_brand":[],"product_cat":[317],"product_tag":[],"class_list":{"0":"post-11418","1":"product","2":"type-product","3":"status-publish","4":"has-post-thumbnail","6":"product_cat-anticoccidiales","8":"first","9":"instock","10":"shipping-taxable","11":"product-type-simple"},"yoast_head":"<!-- This site is optimized with the Yoast SEO plugin v25.2 - https:\/\/yoast.com\/wordpress\/plugins\/seo\/ -->\n<title>VETRIBAC\u00ae DOSER - Vetanco Mexico<\/title>\n<meta name=\"description\" content=\"Por su exclusiva acci\u00f3n sobre la fase de reproducci\u00f3n sexual del par\u00e1sito (gametogonia) elimina todos los estadios en s\u00f3lo dos d\u00edas.\" \/>\n<meta name=\"robots\" content=\"index, follow, max-snippet:-1, max-image-preview:large, max-video-preview:-1\" \/>\n<link rel=\"canonical\" href=\"https:\/\/staging.vetanco.com\/mx\/produto\/vetribac-pig-doser\/\" \/>\n<meta property=\"og:locale\" content=\"es_ES\" \/>\n<meta property=\"og:type\" content=\"article\" \/>\n<meta property=\"og:title\" content=\"VETRIBAC\u00ae DOSER - Vetanco Mexico\" \/>\n<meta property=\"og:description\" content=\"Por su exclusiva acci\u00f3n sobre la fase de reproducci\u00f3n sexual del par\u00e1sito (gametogonia) elimina todos los estadios en s\u00f3lo dos d\u00edas.\" \/>\n<meta property=\"og:url\" content=\"https:\/\/staging.vetanco.com\/mx\/produto\/vetribac-pig-doser\/\" \/>\n<meta property=\"og:site_name\" content=\"Vetanco Mexico\" \/>\n<meta property=\"article:modified_time\" content=\"2026-02-02T17:04:26+00:00\" \/>\n<meta property=\"og:image\" content=\"https:\/\/staging.vetanco.com\/mx\/wp-content\/uploads\/2024\/11\/Vetribac-Doser-2-510x510-1.png\" \/>\n\t<meta property=\"og:image:width\" content=\"510\" \/>\n\t<meta property=\"og:image:height\" content=\"510\" \/>\n\t<meta property=\"og:image:type\" content=\"image\/png\" \/>\n<meta name=\"twitter:card\" content=\"summary_large_image\" \/>\n<meta name=\"twitter:label1\" content=\"Est. reading time\" \/>\n\t<meta name=\"twitter:data1\" content=\"1 minute\" \/>\n<script type=\"application\/ld+json\" class=\"yoast-schema-graph\">{\"@context\":\"https:\/\/schema.org\",\"@graph\":[{\"@type\":\"WebPage\",\"@id\":\"https:\/\/staging.vetanco.com\/mx\/produto\/vetribac-pig-doser\/\",\"url\":\"https:\/\/staging.vetanco.com\/mx\/produto\/vetribac-pig-doser\/\",\"name\":\"VETRIBAC\u00ae DOSER - Vetanco Mexico\",\"isPartOf\":{\"@id\":\"https:\/\/staging.vetanco.com\/mx\/#website\"},\"primaryImageOfPage\":{\"@id\":\"https:\/\/staging.vetanco.com\/mx\/produto\/vetribac-pig-doser\/#primaryimage\"},\"image\":{\"@id\":\"https:\/\/staging.vetanco.com\/mx\/produto\/vetribac-pig-doser\/#primaryimage\"},\"thumbnailUrl\":\"https:\/\/staging.vetanco.com\/mx\/wp-content\/uploads\/2024\/11\/Vetribac-Doser-2-510x510-1.png\",\"datePublished\":\"2024-11-21T17:59:21+00:00\",\"dateModified\":\"2026-02-02T17:04:26+00:00\",\"description\":\"Por su exclusiva acci\u00f3n sobre la fase de reproducci\u00f3n sexual del par\u00e1sito (gametogonia) elimina todos los estadios en s\u00f3lo dos d\u00edas.\",\"breadcrumb\":{\"@id\":\"https:\/\/staging.vetanco.com\/mx\/produto\/vetribac-pig-doser\/#breadcrumb\"},\"inLanguage\":\"es-ES\",\"potentialAction\":[{\"@type\":\"ReadAction\",\"target\":[\"https:\/\/staging.vetanco.com\/mx\/produto\/vetribac-pig-doser\/\"]}]},{\"@type\":\"ImageObject\",\"inLanguage\":\"es-ES\",\"@id\":\"https:\/\/staging.vetanco.com\/mx\/produto\/vetribac-pig-doser\/#primaryimage\",\"url\":\"https:\/\/staging.vetanco.com\/mx\/wp-content\/uploads\/2024\/11\/Vetribac-Doser-2-510x510-1.png\",\"contentUrl\":\"https:\/\/staging.vetanco.com\/mx\/wp-content\/uploads\/2024\/11\/Vetribac-Doser-2-510x510-1.png\",\"width\":510,\"height\":510},{\"@type\":\"BreadcrumbList\",\"@id\":\"https:\/\/staging.vetanco.com\/mx\/produto\/vetribac-pig-doser\/#breadcrumb\",\"itemListElement\":[{\"@type\":\"ListItem\",\"position\":1,\"name\":\"In\u00edcio\",\"item\":\"https:\/\/staging.vetanco.com\/mx\/\"},{\"@type\":\"ListItem\",\"position\":2,\"name\":\"Productos\",\"item\":\"https:\/\/staging.vetanco.com\/mx\/productos\/\"},{\"@type\":\"ListItem\",\"position\":3,\"name\":\"VETRIBAC\u00ae DOSER\"}]},{\"@type\":\"WebSite\",\"@id\":\"https:\/\/staging.vetanco.com\/mx\/#website\",\"url\":\"https:\/\/staging.vetanco.com\/mx\/\",\"name\":\"Vetanco Mexico\",\"description\":\"Productos Seguros para Alimentos Seguros\",\"potentialAction\":[{\"@type\":\"SearchAction\",\"target\":{\"@type\":\"EntryPoint\",\"urlTemplate\":\"https:\/\/staging.vetanco.com\/mx\/?s={search_term_string}\"},\"query-input\":{\"@type\":\"PropertyValueSpecification\",\"valueRequired\":true,\"valueName\":\"search_term_string\"}}],\"inLanguage\":\"es-ES\"}]}<\/script>\n<!-- \/ Yoast SEO plugin. -->","yoast_head_json":{"title":"VETRIBAC\u00ae DOSER - Vetanco Mexico","description":"Por su exclusiva acci\u00f3n sobre la fase de reproducci\u00f3n sexual del par\u00e1sito (gametogonia) elimina todos los estadios en s\u00f3lo dos d\u00edas.","robots":{"index":"index","follow":"follow","max-snippet":"max-snippet:-1","max-image-preview":"max-image-preview:large","max-video-preview":"max-video-preview:-1"},"canonical":"https:\/\/staging.vetanco.com\/mx\/produto\/vetribac-pig-doser\/","og_locale":"es_ES","og_type":"article","og_title":"VETRIBAC\u00ae DOSER - Vetanco Mexico","og_description":"Por su exclusiva acci\u00f3n sobre la fase de reproducci\u00f3n sexual del par\u00e1sito (gametogonia) elimina todos los estadios en s\u00f3lo dos d\u00edas.","og_url":"https:\/\/staging.vetanco.com\/mx\/produto\/vetribac-pig-doser\/","og_site_name":"Vetanco Mexico","article_modified_time":"2026-02-02T17:04:26+00:00","og_image":[{"width":510,"height":510,"url":"https:\/\/staging.vetanco.com\/mx\/wp-content\/uploads\/2024\/11\/Vetribac-Doser-2-510x510-1.png","type":"image\/png"}],"twitter_card":"summary_large_image","twitter_misc":{"Est. reading time":"1 minute"},"schema":{"@context":"https:\/\/schema.org","@graph":[{"@type":"WebPage","@id":"https:\/\/staging.vetanco.com\/mx\/produto\/vetribac-pig-doser\/","url":"https:\/\/staging.vetanco.com\/mx\/produto\/vetribac-pig-doser\/","name":"VETRIBAC\u00ae DOSER - Vetanco Mexico","isPartOf":{"@id":"https:\/\/staging.vetanco.com\/mx\/#website"},"primaryImageOfPage":{"@id":"https:\/\/staging.vetanco.com\/mx\/produto\/vetribac-pig-doser\/#primaryimage"},"image":{"@id":"https:\/\/staging.vetanco.com\/mx\/produto\/vetribac-pig-doser\/#primaryimage"},"thumbnailUrl":"https:\/\/staging.vetanco.com\/mx\/wp-content\/uploads\/2024\/11\/Vetribac-Doser-2-510x510-1.png","datePublished":"2024-11-21T17:59:21+00:00","dateModified":"2026-02-02T17:04:26+00:00","description":"Por su exclusiva acci\u00f3n sobre la fase de reproducci\u00f3n sexual del par\u00e1sito (gametogonia) elimina todos los estadios en s\u00f3lo dos d\u00edas.","breadcrumb":{"@id":"https:\/\/staging.vetanco.com\/mx\/produto\/vetribac-pig-doser\/#breadcrumb"},"inLanguage":"es-ES","potentialAction":[{"@type":"ReadAction","target":["https:\/\/staging.vetanco.com\/mx\/produto\/vetribac-pig-doser\/"]}]},{"@type":"ImageObject","inLanguage":"es-ES","@id":"https:\/\/staging.vetanco.com\/mx\/produto\/vetribac-pig-doser\/#primaryimage","url":"https:\/\/staging.vetanco.com\/mx\/wp-content\/uploads\/2024\/11\/Vetribac-Doser-2-510x510-1.png","contentUrl":"https:\/\/staging.vetanco.com\/mx\/wp-content\/uploads\/2024\/11\/Vetribac-Doser-2-510x510-1.png","width":510,"height":510},{"@type":"BreadcrumbList","@id":"https:\/\/staging.vetanco.com\/mx\/produto\/vetribac-pig-doser\/#breadcrumb","itemListElement":[{"@type":"ListItem","position":1,"name":"In\u00edcio","item":"https:\/\/staging.vetanco.com\/mx\/"},{"@type":"ListItem","position":2,"name":"Productos","item":"https:\/\/staging.vetanco.com\/mx\/productos\/"},{"@type":"ListItem","position":3,"name":"VETRIBAC\u00ae DOSER"}]},{"@type":"WebSite","@id":"https:\/\/staging.vetanco.com\/mx\/#website","url":"https:\/\/staging.vetanco.com\/mx\/","name":"Vetanco Mexico","description":"Productos Seguros para Alimentos Seguros","potentialAction":[{"@type":"SearchAction","target":{"@type":"EntryPoint","urlTemplate":"https:\/\/staging.vetanco.com\/mx\/?s={search_term_string}"},"query-input":{"@type":"PropertyValueSpecification","valueRequired":true,"valueName":"search_term_string"}}],"inLanguage":"es-ES"}]}},"_links":{"self":[{"href":"https:\/\/staging.vetanco.com\/mx\/wp-json\/wp\/v2\/product\/11418","targetHints":{"allow":["GET"]}}],"collection":[{"href":"https:\/\/staging.vetanco.com\/mx\/wp-json\/wp\/v2\/product"}],"about":[{"href":"https:\/\/staging.vetanco.com\/mx\/wp-json\/wp\/v2\/types\/product"}],"replies":[{"embeddable":true,"href":"https:\/\/staging.vetanco.com\/mx\/wp-json\/wp\/v2\/comments?post=11418"}],"wp:featuredmedia":[{"embeddable":true,"href":"https:\/\/staging.vetanco.com\/mx\/wp-json\/wp\/v2\/media\/12964"}],"wp:attachment":[{"href":"https:\/\/staging.vetanco.com\/mx\/wp-json\/wp\/v2\/media?parent=11418"}],"wp:term":[{"taxonomy":"product_brand","embeddable":true,"href":"https:\/\/staging.vetanco.com\/mx\/wp-json\/wp\/v2\/product_brand?post=11418"},{"taxonomy":"product_cat","embeddable":true,"href":"https:\/\/staging.vetanco.com\/mx\/wp-json\/wp\/v2\/product_cat?post=11418"},{"taxonomy":"product_tag","embeddable":true,"href":"https:\/\/staging.vetanco.com\/mx\/wp-json\/wp\/v2\/product_tag?post=11418"}],"curies":[{"name":"wp","href":"https:\/\/api.w.org\/{rel}","templated":true}]}}