{"id":5844,"date":"2025-01-23T14:40:34","date_gmt":"2025-01-23T19:40:34","guid":{"rendered":"https:\/\/staging.vetanco.com\/pa\/?post_type=product&#038;p=5844"},"modified":"2025-12-12T08:11:40","modified_gmt":"2025-12-12T13:11:40","slug":"di-heptarine-s-premix","status":"publish","type":"product","link":"https:\/\/staging.vetanco.com\/pa\/produto\/di-heptarine-s-premix\/","title":{"rendered":"DI HEPTARINE S<sup>\u00ae<\/sup> PREMIX"},"content":{"rendered":"<div class=\"info-box\">\n<h3><span style=\"color: #00397f;\">COMPOSICI\u00d3N<\/span><\/h3>\n<p>Extracto de cardo mariano, Lecitina de soja, Propilenglicol, S\u00edlice coloidal, Estearato de magnesio, Celulosa microcristalina, Almid\u00f3n de ma\u00edz c.s.p.<\/p>\n<p>\n<strong> An\u00e1lisis Garantizado:<\/strong> Silimarina total&#8230;&#8230;. m\u00ednimo 7,60%.\n<\/p>\n<\/div>\n<div class=\"info-box\">\n<h3><span style=\"color: #00397f;\">DOSIS Y MODO DE USO<\/span><\/h3>\n<p>Mezclar 500g a 1 kg de <strong>DI HEPTARINE S PREMIX<\/strong> por tonelada de alimento, ya sea como harina o pelletado. Administrar durante al menos 7 d\u00edas.\n<\/p>\n<\/div>\n<div class=\"info-box\">\n<h3><span style=\"color: #00397f;\">PRESENTACI\u00d3N<\/span><\/h3>\n<p>5 y 25 kg.<\/p>\n<\/div>\n<p><strong>*Producto disponible \u00fanicamente en Guatemala.<\/strong><\/p>\n","protected":false},"excerpt":{"rendered":"<p><img loading=\"lazy\" decoding=\"async\" class=\"alignnone size-full wp-image-5738\" src=\"https:\/\/staging.vetanco.com\/wp-content\/uploads\/2025\/01\/Picto-Bovinos.png\" alt=\"\" width=\"75\" height=\"63\" \/> <img loading=\"lazy\" decoding=\"async\" class=\"alignnone size-full wp-image-5741\" src=\"https:\/\/staging.vetanco.com\/wp-content\/uploads\/2025\/01\/Picto-Aves.png\" alt=\"\" width=\"75\" height=\"63\" \/> <img loading=\"lazy\" decoding=\"async\" class=\"alignnone size-full wp-image-5739\" src=\"https:\/\/staging.vetanco.com\/wp-content\/uploads\/2025\/01\/Picto-Cerdos.png\" alt=\"\" width=\"75\" height=\"63\" \/> <img loading=\"lazy\" decoding=\"async\" class=\"alignnone size-full wp-image-5740\" src=\"https:\/\/staging.vetanco.com\/wp-content\/uploads\/2025\/01\/Picto-Peces.png\" alt=\"\" width=\"75\" height=\"63\" \/><\/p>\n<p><span data-contrast=\"auto\">Antioxidante hepatoprotector para la prevenci\u00f3n de alteraciones ante situaciones de mayor exigencia metab\u00f3lica:<\/span><span data-ccp-props=\"{}\">\u00a0<\/span><\/p>\n<ul>\n<li><span data-contrast=\"auto\">Stress producido por transporte y movimientos de animales, o cualquier situaci\u00f3n de stress que no pueda ser corregida.<\/span><span data-ccp-props=\"{}\">\u00a0<\/span><\/li>\n<li><span data-contrast=\"auto\">Sobrealimentaci\u00f3n o ingesta de alto valor energ\u00e9tico.<\/span><span data-ccp-props=\"{}\">\u00a0<\/span><\/li>\n<li><span data-contrast=\"auto\">Contaminaci\u00f3n del alimento con toxinas de origen vegetal o f\u00fangico.<\/span><span data-ccp-props=\"{}\">\u00a0<\/span><\/li>\n<li><span data-contrast=\"auto\">Procesos infecciosos producidos por agentes virales o bacterianos.<\/span><span data-ccp-props=\"{}\">\u00a0<\/span><\/li>\n<li><span data-contrast=\"auto\">Tratamientos con medicamentos.<\/span><span data-ccp-props=\"{}\">\u00a0<\/span><\/li>\n<li><span data-contrast=\"auto\">Machos en servicio y hembras en gestaci\u00f3n\/lactancia.<\/span><span data-ccp-props=\"{}\">\u00a0<\/span><\/li>\n<li><span data-contrast=\"auto\">Indicado en Aves (Pollos de engorde, gallinas ponedoras y reproductores), porcinos (todas las categor\u00edas), rumiantes (bovinos y ovinos, todas las categor\u00edas) y en peces.<\/span><span data-ccp-props=\"{}\">\u00a0<\/span><\/li>\n<\/ul>\n","protected":false},"featured_media":5983,"comment_status":"open","ping_status":"closed","template":"","meta":[],"product_brand":[],"product_cat":[181],"product_tag":[],"class_list":{"0":"post-5844","1":"product","2":"type-product","3":"status-publish","4":"has-post-thumbnail","6":"product_cat-aditivos-bv-science","8":"first","9":"instock","10":"shipping-taxable","11":"product-type-simple"},"yoast_head":"<!-- This site is optimized with the Yoast SEO plugin v25.2 - https:\/\/yoast.com\/wordpress\/plugins\/seo\/ -->\n<title>DI HEPTARINE S\u00ae PREMIX - Vetanco Centroamerica y Caribe<\/title>\n<meta name=\"description\" content=\"Indicado en Aves (Pollos de engorde, gallinas ponedoras y reproductores), porcinos (todas las categor\u00edas), rumiantes y en peces.\" \/>\n<meta name=\"robots\" content=\"index, follow, max-snippet:-1, max-image-preview:large, max-video-preview:-1\" \/>\n<link rel=\"canonical\" href=\"https:\/\/staging.vetanco.com\/pa\/produto\/di-heptarine-s-premix\/\" \/>\n<meta property=\"og:locale\" content=\"es_ES\" \/>\n<meta property=\"og:type\" content=\"article\" \/>\n<meta property=\"og:title\" content=\"DI HEPTARINE S\u00ae PREMIX - Vetanco Centroamerica y Caribe\" \/>\n<meta property=\"og:description\" content=\"Indicado en Aves (Pollos de engorde, gallinas ponedoras y reproductores), porcinos (todas las categor\u00edas), rumiantes y en peces.\" \/>\n<meta property=\"og:url\" content=\"https:\/\/staging.vetanco.com\/pa\/produto\/di-heptarine-s-premix\/\" \/>\n<meta property=\"og:site_name\" content=\"Vetanco Centroamerica y Caribe\" \/>\n<meta property=\"article:modified_time\" content=\"2025-12-12T13:11:40+00:00\" \/>\n<meta property=\"og:image\" content=\"https:\/\/staging.vetanco.com\/pa\/wp-content\/uploads\/2024\/10\/Di-Heptarine-S-Premix-2.png\" \/>\n\t<meta property=\"og:image:width\" content=\"800\" \/>\n\t<meta property=\"og:image:height\" content=\"800\" \/>\n\t<meta property=\"og:image:type\" content=\"image\/png\" \/>\n<meta name=\"twitter:card\" content=\"summary_large_image\" \/>\n<meta name=\"twitter:label1\" content=\"Est. reading time\" \/>\n\t<meta name=\"twitter:data1\" content=\"1 minute\" \/>\n<script type=\"application\/ld+json\" class=\"yoast-schema-graph\">{\"@context\":\"https:\/\/schema.org\",\"@graph\":[{\"@type\":\"WebPage\",\"@id\":\"https:\/\/staging.vetanco.com\/pa\/produto\/di-heptarine-s-premix\/\",\"url\":\"https:\/\/staging.vetanco.com\/pa\/produto\/di-heptarine-s-premix\/\",\"name\":\"DI HEPTARINE S\u00ae PREMIX - Vetanco Centroamerica y Caribe\",\"isPartOf\":{\"@id\":\"https:\/\/staging.vetanco.com\/pa\/#website\"},\"primaryImageOfPage\":{\"@id\":\"https:\/\/staging.vetanco.com\/pa\/produto\/di-heptarine-s-premix\/#primaryimage\"},\"image\":{\"@id\":\"https:\/\/staging.vetanco.com\/pa\/produto\/di-heptarine-s-premix\/#primaryimage\"},\"thumbnailUrl\":\"https:\/\/staging.vetanco.com\/pa\/wp-content\/uploads\/2024\/10\/Di-Heptarine-S-Premix-2.png\",\"datePublished\":\"2025-01-23T19:40:34+00:00\",\"dateModified\":\"2025-12-12T13:11:40+00:00\",\"description\":\"Indicado en Aves (Pollos de engorde, gallinas ponedoras y reproductores), porcinos (todas las categor\u00edas), rumiantes y en peces.\",\"breadcrumb\":{\"@id\":\"https:\/\/staging.vetanco.com\/pa\/produto\/di-heptarine-s-premix\/#breadcrumb\"},\"inLanguage\":\"es-ES\",\"potentialAction\":[{\"@type\":\"ReadAction\",\"target\":[\"https:\/\/staging.vetanco.com\/pa\/produto\/di-heptarine-s-premix\/\"]}]},{\"@type\":\"ImageObject\",\"inLanguage\":\"es-ES\",\"@id\":\"https:\/\/staging.vetanco.com\/pa\/produto\/di-heptarine-s-premix\/#primaryimage\",\"url\":\"https:\/\/staging.vetanco.com\/pa\/wp-content\/uploads\/2024\/10\/Di-Heptarine-S-Premix-2.png\",\"contentUrl\":\"https:\/\/staging.vetanco.com\/pa\/wp-content\/uploads\/2024\/10\/Di-Heptarine-S-Premix-2.png\",\"width\":800,\"height\":800},{\"@type\":\"BreadcrumbList\",\"@id\":\"https:\/\/staging.vetanco.com\/pa\/produto\/di-heptarine-s-premix\/#breadcrumb\",\"itemListElement\":[{\"@type\":\"ListItem\",\"position\":1,\"name\":\"In\u00edcio\",\"item\":\"https:\/\/staging.vetanco.com\/pa\/\"},{\"@type\":\"ListItem\",\"position\":2,\"name\":\"Productos\",\"item\":\"https:\/\/staging.vetanco.com\/pa\/productos\/\"},{\"@type\":\"ListItem\",\"position\":3,\"name\":\"DI HEPTARINE S\u00ae PREMIX\"}]},{\"@type\":\"WebSite\",\"@id\":\"https:\/\/staging.vetanco.com\/pa\/#website\",\"url\":\"https:\/\/staging.vetanco.com\/pa\/\",\"name\":\"Vetanco Centroamerica y Caribe\",\"description\":\"Productos Seguros para Alimentos Seguros\",\"potentialAction\":[{\"@type\":\"SearchAction\",\"target\":{\"@type\":\"EntryPoint\",\"urlTemplate\":\"https:\/\/staging.vetanco.com\/pa\/?s={search_term_string}\"},\"query-input\":{\"@type\":\"PropertyValueSpecification\",\"valueRequired\":true,\"valueName\":\"search_term_string\"}}],\"inLanguage\":\"es-ES\"}]}<\/script>\n<!-- \/ Yoast SEO plugin. -->","yoast_head_json":{"title":"DI HEPTARINE S\u00ae PREMIX - Vetanco Centroamerica y Caribe","description":"Indicado en Aves (Pollos de engorde, gallinas ponedoras y reproductores), porcinos (todas las categor\u00edas), rumiantes y en peces.","robots":{"index":"index","follow":"follow","max-snippet":"max-snippet:-1","max-image-preview":"max-image-preview:large","max-video-preview":"max-video-preview:-1"},"canonical":"https:\/\/staging.vetanco.com\/pa\/produto\/di-heptarine-s-premix\/","og_locale":"es_ES","og_type":"article","og_title":"DI HEPTARINE S\u00ae PREMIX - Vetanco Centroamerica y Caribe","og_description":"Indicado en Aves (Pollos de engorde, gallinas ponedoras y reproductores), porcinos (todas las categor\u00edas), rumiantes y en peces.","og_url":"https:\/\/staging.vetanco.com\/pa\/produto\/di-heptarine-s-premix\/","og_site_name":"Vetanco Centroamerica y Caribe","article_modified_time":"2025-12-12T13:11:40+00:00","og_image":[{"width":800,"height":800,"url":"https:\/\/staging.vetanco.com\/pa\/wp-content\/uploads\/2024\/10\/Di-Heptarine-S-Premix-2.png","type":"image\/png"}],"twitter_card":"summary_large_image","twitter_misc":{"Est. reading time":"1 minute"},"schema":{"@context":"https:\/\/schema.org","@graph":[{"@type":"WebPage","@id":"https:\/\/staging.vetanco.com\/pa\/produto\/di-heptarine-s-premix\/","url":"https:\/\/staging.vetanco.com\/pa\/produto\/di-heptarine-s-premix\/","name":"DI HEPTARINE S\u00ae PREMIX - Vetanco Centroamerica y Caribe","isPartOf":{"@id":"https:\/\/staging.vetanco.com\/pa\/#website"},"primaryImageOfPage":{"@id":"https:\/\/staging.vetanco.com\/pa\/produto\/di-heptarine-s-premix\/#primaryimage"},"image":{"@id":"https:\/\/staging.vetanco.com\/pa\/produto\/di-heptarine-s-premix\/#primaryimage"},"thumbnailUrl":"https:\/\/staging.vetanco.com\/pa\/wp-content\/uploads\/2024\/10\/Di-Heptarine-S-Premix-2.png","datePublished":"2025-01-23T19:40:34+00:00","dateModified":"2025-12-12T13:11:40+00:00","description":"Indicado en Aves (Pollos de engorde, gallinas ponedoras y reproductores), porcinos (todas las categor\u00edas), rumiantes y en peces.","breadcrumb":{"@id":"https:\/\/staging.vetanco.com\/pa\/produto\/di-heptarine-s-premix\/#breadcrumb"},"inLanguage":"es-ES","potentialAction":[{"@type":"ReadAction","target":["https:\/\/staging.vetanco.com\/pa\/produto\/di-heptarine-s-premix\/"]}]},{"@type":"ImageObject","inLanguage":"es-ES","@id":"https:\/\/staging.vetanco.com\/pa\/produto\/di-heptarine-s-premix\/#primaryimage","url":"https:\/\/staging.vetanco.com\/pa\/wp-content\/uploads\/2024\/10\/Di-Heptarine-S-Premix-2.png","contentUrl":"https:\/\/staging.vetanco.com\/pa\/wp-content\/uploads\/2024\/10\/Di-Heptarine-S-Premix-2.png","width":800,"height":800},{"@type":"BreadcrumbList","@id":"https:\/\/staging.vetanco.com\/pa\/produto\/di-heptarine-s-premix\/#breadcrumb","itemListElement":[{"@type":"ListItem","position":1,"name":"In\u00edcio","item":"https:\/\/staging.vetanco.com\/pa\/"},{"@type":"ListItem","position":2,"name":"Productos","item":"https:\/\/staging.vetanco.com\/pa\/productos\/"},{"@type":"ListItem","position":3,"name":"DI HEPTARINE S\u00ae PREMIX"}]},{"@type":"WebSite","@id":"https:\/\/staging.vetanco.com\/pa\/#website","url":"https:\/\/staging.vetanco.com\/pa\/","name":"Vetanco Centroamerica y Caribe","description":"Productos Seguros para Alimentos Seguros","potentialAction":[{"@type":"SearchAction","target":{"@type":"EntryPoint","urlTemplate":"https:\/\/staging.vetanco.com\/pa\/?s={search_term_string}"},"query-input":{"@type":"PropertyValueSpecification","valueRequired":true,"valueName":"search_term_string"}}],"inLanguage":"es-ES"}]}},"_links":{"self":[{"href":"https:\/\/staging.vetanco.com\/pa\/wp-json\/wp\/v2\/product\/5844","targetHints":{"allow":["GET"]}}],"collection":[{"href":"https:\/\/staging.vetanco.com\/pa\/wp-json\/wp\/v2\/product"}],"about":[{"href":"https:\/\/staging.vetanco.com\/pa\/wp-json\/wp\/v2\/types\/product"}],"replies":[{"embeddable":true,"href":"https:\/\/staging.vetanco.com\/pa\/wp-json\/wp\/v2\/comments?post=5844"}],"wp:featuredmedia":[{"embeddable":true,"href":"https:\/\/staging.vetanco.com\/pa\/wp-json\/wp\/v2\/media\/5983"}],"wp:attachment":[{"href":"https:\/\/staging.vetanco.com\/pa\/wp-json\/wp\/v2\/media?parent=5844"}],"wp:term":[{"taxonomy":"product_brand","embeddable":true,"href":"https:\/\/staging.vetanco.com\/pa\/wp-json\/wp\/v2\/product_brand?post=5844"},{"taxonomy":"product_cat","embeddable":true,"href":"https:\/\/staging.vetanco.com\/pa\/wp-json\/wp\/v2\/product_cat?post=5844"},{"taxonomy":"product_tag","embeddable":true,"href":"https:\/\/staging.vetanco.com\/pa\/wp-json\/wp\/v2\/product_tag?post=5844"}],"curies":[{"name":"wp","href":"https:\/\/api.w.org\/{rel}","templated":true}]}}