{"id":5847,"date":"2025-01-24T06:35:42","date_gmt":"2025-01-24T11:35:42","guid":{"rendered":"https:\/\/staging.vetanco.com\/pa\/?post_type=product&#038;p=5847"},"modified":"2025-12-15T08:24:32","modified_gmt":"2025-12-15T13:24:32","slug":"ivervet","status":"publish","type":"product","link":"https:\/\/staging.vetanco.com\/pa\/produto\/ivervet\/","title":{"rendered":"IVERVET<sup>\u00ae<\/sup>"},"content":{"rendered":"<div class=\"info-box\">\n<h3><span style=\"color: #00397f;\">COMPOSICI\u00d3N<\/span><\/h3>\n<p>Ivermectina 1%.<\/p>\n<\/div>\n<div class=\"info-box\">\n<h3><span style=\"color: #00397f;\">PRESENTACI\u00d3N<\/span><\/h3>\n<p>50, 100 y 500 ml.\n<\/p>\n<\/div>\n<p><strong>*Producto disponible en Guatemala y Rep\u00fablica Dominicana.<\/strong><\/p>\n","protected":false},"excerpt":{"rendered":"<p><img loading=\"lazy\" decoding=\"async\" class=\"alignnone size-full wp-image-5738\" src=\"https:\/\/staging.vetanco.com\/wp-content\/uploads\/2025\/01\/Picto-Bovinos.png\" alt=\"\" width=\"75\" height=\"63\" \/> <img loading=\"lazy\" decoding=\"async\" class=\"alignnone size-full wp-image-5739\" src=\"https:\/\/staging.vetanco.com\/wp-content\/uploads\/2025\/01\/Picto-Cerdos.png\" alt=\"\" width=\"75\" height=\"63\" \/><\/p>\n<p><strong><span class=\"TextRun SCXW260843966 BCX0\" lang=\"ES-ES\" xml:lang=\"ES-ES\" data-contrast=\"auto\"><span class=\"NormalTextRun SCXW260843966 BCX0\">ENDECTOCIDA<\/span><\/span><span class=\"EOP SCXW260843966 BCX0\" data-ccp-props=\"{}\">\u00a0<\/span><\/strong><\/p>\n<p><span data-contrast=\"auto\">Tratamiento y control de par\u00e1sitos internos y externos en bovinos y porcinos. Agentes susceptibles:\u00a0<\/span><span data-ccp-props=\"{&quot;201341983&quot;:0,&quot;335559740&quot;:276}\">\u00a0<\/span><\/p>\n<ul>\n<li><b><span data-contrast=\"auto\">Bovinos:<\/span><\/b> <span data-contrast=\"auto\">Nematodes gastrointestinales: <em>Ostertagia ostertagi<\/em> (adultos, L3, L4, incluyendo inhibidas), <em>Ostertagia lyrata<\/em> (adultos y L4), <em>Haemonchus placei<\/em> (adultos, L3 y L4), <em>Nematodirus spatigher<\/em>, <em>Nematodirus helvetianus<\/em>, <em>Trichostrongylus axei y colubriformis<\/em>, <em>Cooperia oncophora y punctata<\/em>, <em>Oesophagostomum radiatum<\/em> (adultos), <em>Strongyloides papillosus<\/em> (adultos), <em>Bunostomum phlebotumum<\/em> (adultos, L3 y L4), <em>Toxocara vitulorum<\/em> (adultos); pulmonares: <em>Dictyocaulus viviparus<\/em> (adultos, L4 y estados inhibidos), ura: <em>Hypoderma bovis<\/em>, <em>lineatum y Dermatobia hominis<\/em>, piojos: <em>Linognathus vituli<\/em>, <em>Haematopinus eurystemus<\/em>, <em>Solenopotes capillatus<\/em>; \u00e1caros: <em>Psoroptes communis<\/em> (var. bovis), <em>Sarcoptes scabiei<\/em> (var. bovis).\u00a0 <\/span><\/li>\n<li><b><span data-contrast=\"auto\">Cerdos: <\/span><\/b><span data-contrast=\"auto\">Nematodes gastrointestinales: <em>Ascaris suum<\/em> (adultos y larvas), <em>Strongyloides ramsoni<\/em> (adultos y larvas); pulmonares: <em>Metastrongylus spp<\/em>. ; renales: <em>Stephanurus dentatus<\/em>, piojos: <em>Heamatopinus suis<\/em>; \u00e1caros de la sarna: <em>Sarcoptes scabiei<\/em> (var. suis).<\/span><span data-ccp-props=\"{&quot;201341983&quot;:0,&quot;335559740&quot;:276}\">\u00a0<\/span><\/li>\n<\/ul>\n","protected":false},"featured_media":5989,"comment_status":"open","ping_status":"closed","template":"","meta":[],"product_brand":[],"product_cat":[183],"product_tag":[],"class_list":{"0":"post-5847","1":"product","2":"type-product","3":"status-publish","4":"has-post-thumbnail","6":"product_cat-antiparasitarios-endectocidas","8":"first","9":"instock","10":"shipping-taxable","11":"product-type-simple"},"yoast_head":"<!-- This site is optimized with the Yoast SEO plugin v25.2 - https:\/\/yoast.com\/wordpress\/plugins\/seo\/ -->\n<title>IVERVET\u00ae - Vetanco Centroamerica y Caribe<\/title>\n<meta name=\"description\" content=\"Soluci\u00f3n Inyectable. Producto de la l\u00ednea Vetanco formulado para el tratamiento y control de par\u00e1sitos internos y externos en bovinos y porcinos.\" \/>\n<meta name=\"robots\" content=\"index, follow, max-snippet:-1, max-image-preview:large, max-video-preview:-1\" \/>\n<link rel=\"canonical\" href=\"https:\/\/staging.vetanco.com\/pa\/produto\/ivervet\/\" \/>\n<meta property=\"og:locale\" content=\"es_ES\" \/>\n<meta property=\"og:type\" content=\"article\" \/>\n<meta property=\"og:title\" content=\"IVERVET\u00ae - Vetanco Centroamerica y Caribe\" \/>\n<meta property=\"og:description\" content=\"Soluci\u00f3n Inyectable. Producto de la l\u00ednea Vetanco formulado para el tratamiento y control de par\u00e1sitos internos y externos en bovinos y porcinos.\" \/>\n<meta property=\"og:url\" content=\"https:\/\/staging.vetanco.com\/pa\/produto\/ivervet\/\" \/>\n<meta property=\"og:site_name\" content=\"Vetanco Centroamerica y Caribe\" \/>\n<meta property=\"article:modified_time\" content=\"2025-12-15T13:24:32+00:00\" \/>\n<meta property=\"og:image\" content=\"https:\/\/staging.vetanco.com\/pa\/wp-content\/uploads\/2024\/10\/Ivervet.png\" \/>\n\t<meta property=\"og:image:width\" content=\"800\" \/>\n\t<meta property=\"og:image:height\" content=\"800\" \/>\n\t<meta property=\"og:image:type\" content=\"image\/png\" \/>\n<meta name=\"twitter:card\" content=\"summary_large_image\" \/>\n<meta name=\"twitter:label1\" content=\"Est. reading time\" \/>\n\t<meta name=\"twitter:data1\" content=\"1 minute\" \/>\n<script type=\"application\/ld+json\" class=\"yoast-schema-graph\">{\"@context\":\"https:\/\/schema.org\",\"@graph\":[{\"@type\":\"WebPage\",\"@id\":\"https:\/\/staging.vetanco.com\/pa\/produto\/ivervet\/\",\"url\":\"https:\/\/staging.vetanco.com\/pa\/produto\/ivervet\/\",\"name\":\"IVERVET\u00ae - Vetanco Centroamerica y Caribe\",\"isPartOf\":{\"@id\":\"https:\/\/staging.vetanco.com\/pa\/#website\"},\"primaryImageOfPage\":{\"@id\":\"https:\/\/staging.vetanco.com\/pa\/produto\/ivervet\/#primaryimage\"},\"image\":{\"@id\":\"https:\/\/staging.vetanco.com\/pa\/produto\/ivervet\/#primaryimage\"},\"thumbnailUrl\":\"https:\/\/staging.vetanco.com\/pa\/wp-content\/uploads\/2024\/10\/Ivervet.png\",\"datePublished\":\"2025-01-24T11:35:42+00:00\",\"dateModified\":\"2025-12-15T13:24:32+00:00\",\"description\":\"Soluci\u00f3n Inyectable. Producto de la l\u00ednea Vetanco formulado para el tratamiento y control de par\u00e1sitos internos y externos en bovinos y porcinos.\",\"breadcrumb\":{\"@id\":\"https:\/\/staging.vetanco.com\/pa\/produto\/ivervet\/#breadcrumb\"},\"inLanguage\":\"es-ES\",\"potentialAction\":[{\"@type\":\"ReadAction\",\"target\":[\"https:\/\/staging.vetanco.com\/pa\/produto\/ivervet\/\"]}]},{\"@type\":\"ImageObject\",\"inLanguage\":\"es-ES\",\"@id\":\"https:\/\/staging.vetanco.com\/pa\/produto\/ivervet\/#primaryimage\",\"url\":\"https:\/\/staging.vetanco.com\/pa\/wp-content\/uploads\/2024\/10\/Ivervet.png\",\"contentUrl\":\"https:\/\/staging.vetanco.com\/pa\/wp-content\/uploads\/2024\/10\/Ivervet.png\",\"width\":800,\"height\":800},{\"@type\":\"BreadcrumbList\",\"@id\":\"https:\/\/staging.vetanco.com\/pa\/produto\/ivervet\/#breadcrumb\",\"itemListElement\":[{\"@type\":\"ListItem\",\"position\":1,\"name\":\"In\u00edcio\",\"item\":\"https:\/\/staging.vetanco.com\/pa\/\"},{\"@type\":\"ListItem\",\"position\":2,\"name\":\"Productos\",\"item\":\"https:\/\/staging.vetanco.com\/pa\/productos\/\"},{\"@type\":\"ListItem\",\"position\":3,\"name\":\"IVERVET\u00ae\"}]},{\"@type\":\"WebSite\",\"@id\":\"https:\/\/staging.vetanco.com\/pa\/#website\",\"url\":\"https:\/\/staging.vetanco.com\/pa\/\",\"name\":\"Vetanco Centroamerica y Caribe\",\"description\":\"Productos Seguros para Alimentos Seguros\",\"potentialAction\":[{\"@type\":\"SearchAction\",\"target\":{\"@type\":\"EntryPoint\",\"urlTemplate\":\"https:\/\/staging.vetanco.com\/pa\/?s={search_term_string}\"},\"query-input\":{\"@type\":\"PropertyValueSpecification\",\"valueRequired\":true,\"valueName\":\"search_term_string\"}}],\"inLanguage\":\"es-ES\"}]}<\/script>\n<!-- \/ Yoast SEO plugin. -->","yoast_head_json":{"title":"IVERVET\u00ae - Vetanco Centroamerica y Caribe","description":"Soluci\u00f3n Inyectable. Producto de la l\u00ednea Vetanco formulado para el tratamiento y control de par\u00e1sitos internos y externos en bovinos y porcinos.","robots":{"index":"index","follow":"follow","max-snippet":"max-snippet:-1","max-image-preview":"max-image-preview:large","max-video-preview":"max-video-preview:-1"},"canonical":"https:\/\/staging.vetanco.com\/pa\/produto\/ivervet\/","og_locale":"es_ES","og_type":"article","og_title":"IVERVET\u00ae - Vetanco Centroamerica y Caribe","og_description":"Soluci\u00f3n Inyectable. Producto de la l\u00ednea Vetanco formulado para el tratamiento y control de par\u00e1sitos internos y externos en bovinos y porcinos.","og_url":"https:\/\/staging.vetanco.com\/pa\/produto\/ivervet\/","og_site_name":"Vetanco Centroamerica y Caribe","article_modified_time":"2025-12-15T13:24:32+00:00","og_image":[{"width":800,"height":800,"url":"https:\/\/staging.vetanco.com\/pa\/wp-content\/uploads\/2024\/10\/Ivervet.png","type":"image\/png"}],"twitter_card":"summary_large_image","twitter_misc":{"Est. reading time":"1 minute"},"schema":{"@context":"https:\/\/schema.org","@graph":[{"@type":"WebPage","@id":"https:\/\/staging.vetanco.com\/pa\/produto\/ivervet\/","url":"https:\/\/staging.vetanco.com\/pa\/produto\/ivervet\/","name":"IVERVET\u00ae - Vetanco Centroamerica y Caribe","isPartOf":{"@id":"https:\/\/staging.vetanco.com\/pa\/#website"},"primaryImageOfPage":{"@id":"https:\/\/staging.vetanco.com\/pa\/produto\/ivervet\/#primaryimage"},"image":{"@id":"https:\/\/staging.vetanco.com\/pa\/produto\/ivervet\/#primaryimage"},"thumbnailUrl":"https:\/\/staging.vetanco.com\/pa\/wp-content\/uploads\/2024\/10\/Ivervet.png","datePublished":"2025-01-24T11:35:42+00:00","dateModified":"2025-12-15T13:24:32+00:00","description":"Soluci\u00f3n Inyectable. Producto de la l\u00ednea Vetanco formulado para el tratamiento y control de par\u00e1sitos internos y externos en bovinos y porcinos.","breadcrumb":{"@id":"https:\/\/staging.vetanco.com\/pa\/produto\/ivervet\/#breadcrumb"},"inLanguage":"es-ES","potentialAction":[{"@type":"ReadAction","target":["https:\/\/staging.vetanco.com\/pa\/produto\/ivervet\/"]}]},{"@type":"ImageObject","inLanguage":"es-ES","@id":"https:\/\/staging.vetanco.com\/pa\/produto\/ivervet\/#primaryimage","url":"https:\/\/staging.vetanco.com\/pa\/wp-content\/uploads\/2024\/10\/Ivervet.png","contentUrl":"https:\/\/staging.vetanco.com\/pa\/wp-content\/uploads\/2024\/10\/Ivervet.png","width":800,"height":800},{"@type":"BreadcrumbList","@id":"https:\/\/staging.vetanco.com\/pa\/produto\/ivervet\/#breadcrumb","itemListElement":[{"@type":"ListItem","position":1,"name":"In\u00edcio","item":"https:\/\/staging.vetanco.com\/pa\/"},{"@type":"ListItem","position":2,"name":"Productos","item":"https:\/\/staging.vetanco.com\/pa\/productos\/"},{"@type":"ListItem","position":3,"name":"IVERVET\u00ae"}]},{"@type":"WebSite","@id":"https:\/\/staging.vetanco.com\/pa\/#website","url":"https:\/\/staging.vetanco.com\/pa\/","name":"Vetanco Centroamerica y Caribe","description":"Productos Seguros para Alimentos Seguros","potentialAction":[{"@type":"SearchAction","target":{"@type":"EntryPoint","urlTemplate":"https:\/\/staging.vetanco.com\/pa\/?s={search_term_string}"},"query-input":{"@type":"PropertyValueSpecification","valueRequired":true,"valueName":"search_term_string"}}],"inLanguage":"es-ES"}]}},"_links":{"self":[{"href":"https:\/\/staging.vetanco.com\/pa\/wp-json\/wp\/v2\/product\/5847","targetHints":{"allow":["GET"]}}],"collection":[{"href":"https:\/\/staging.vetanco.com\/pa\/wp-json\/wp\/v2\/product"}],"about":[{"href":"https:\/\/staging.vetanco.com\/pa\/wp-json\/wp\/v2\/types\/product"}],"replies":[{"embeddable":true,"href":"https:\/\/staging.vetanco.com\/pa\/wp-json\/wp\/v2\/comments?post=5847"}],"wp:featuredmedia":[{"embeddable":true,"href":"https:\/\/staging.vetanco.com\/pa\/wp-json\/wp\/v2\/media\/5989"}],"wp:attachment":[{"href":"https:\/\/staging.vetanco.com\/pa\/wp-json\/wp\/v2\/media?parent=5847"}],"wp:term":[{"taxonomy":"product_brand","embeddable":true,"href":"https:\/\/staging.vetanco.com\/pa\/wp-json\/wp\/v2\/product_brand?post=5847"},{"taxonomy":"product_cat","embeddable":true,"href":"https:\/\/staging.vetanco.com\/pa\/wp-json\/wp\/v2\/product_cat?post=5847"},{"taxonomy":"product_tag","embeddable":true,"href":"https:\/\/staging.vetanco.com\/pa\/wp-json\/wp\/v2\/product_tag?post=5847"}],"curies":[{"name":"wp","href":"https:\/\/api.w.org\/{rel}","templated":true}]}}